{"id":20952,"date":"2023-07-06T13:01:55","date_gmt":"2023-07-06T13:01:55","guid":{"rendered":"https:\/\/www.vanin.be\/outils-numeriques-copy\/"},"modified":"2025-02-17T09:45:16","modified_gmt":"2025-02-17T09:45:16","slug":"sesame","status":"publish","type":"page","link":"https:\/\/www.vanin.be\/fr\/secondaire\/outils-numeriques\/sesame\/","title":{"rendered":"S\u00e9same"},"content":{"rendered":"","protected":false},"excerpt":{"rendered":"","protected":false},"author":5,"featured_media":54559,"parent":20867,"menu_order":0,"comment_status":"closed","ping_status":"closed","template":"","meta":{"_acf_changed":false,"footnotes":""},"acf":[],"yoast_head":"<!-- This site is optimized with the Yoast SEO Premium plugin v22.8 (Yoast SEO v22.8) - https:\/\/yoast.com\/wordpress\/plugins\/seo\/ -->\n<title>S\u00e9same - VAN IN<\/title>\n<meta name=\"description\" content=\"L&#039;app S\u00e9same permet de scanner les codes QR pr\u00e9sents dans les ouvrages VAN IN et De Boeck afin d&#039;acc\u00e9der aux diff\u00e9rents contenus multim\u00e9dias.\" \/>\n<meta name=\"robots\" content=\"index, follow, max-snippet:-1, max-image-preview:large, max-video-preview:-1\" \/>\n<link rel=\"canonical\" href=\"https:\/\/www.vanin.be\/fr\/secondaire\/outils-numeriques\/sesame\/\" \/>\n<meta property=\"og:locale\" content=\"fr_FR\" \/>\n<meta property=\"og:type\" content=\"article\" \/>\n<meta property=\"og:title\" content=\"S\u00e9same\" \/>\n<meta property=\"og:description\" content=\"L&#039;app S\u00e9same permet de scanner les codes QR pr\u00e9sents dans les ouvrages VAN IN et De Boeck afin d&#039;acc\u00e9der aux diff\u00e9rents contenus multim\u00e9dias.\" \/>\n<meta property=\"og:url\" content=\"https:\/\/www.vanin.be\/fr\/secondaire\/outils-numeriques\/sesame\/\" \/>\n<meta property=\"og:site_name\" content=\"VAN IN\" \/>\n<meta property=\"article:publisher\" content=\"https:\/\/www.facebook.com\/uitgeverijvanin\" \/>\n<meta property=\"article:modified_time\" content=\"2025-02-17T09:45:16+00:00\" \/>\n<meta property=\"og:image\" content=\"https:\/\/www.vanin.be\/wp-content\/uploads\/2025\/02\/Vignette-Sesame.png\" \/>\n\t<meta property=\"og:image:width\" content=\"492\" \/>\n\t<meta property=\"og:image:height\" content=\"392\" \/>\n\t<meta property=\"og:image:type\" content=\"image\/png\" \/>\n<meta name=\"twitter:card\" content=\"summary_large_image\" \/>\n<meta name=\"twitter:site\" content=\"@UitgeverijVanIn\" \/>\n<script type=\"application\/ld+json\" class=\"yoast-schema-graph\">{\"@context\":\"https:\/\/schema.org\",\"@graph\":[{\"@type\":\"WebPage\",\"@id\":\"https:\/\/www.vanin.be\/fr\/secondaire\/outils-numeriques\/sesame\/\",\"url\":\"https:\/\/www.vanin.be\/fr\/secondaire\/outils-numeriques\/sesame\/\",\"name\":\"S\u00e9same - VAN IN\",\"isPartOf\":{\"@id\":\"https:\/\/www.vanin.be\/fr\/#website\"},\"primaryImageOfPage\":{\"@id\":\"https:\/\/www.vanin.be\/fr\/secondaire\/outils-numeriques\/sesame\/#primaryimage\"},\"image\":{\"@id\":\"https:\/\/www.vanin.be\/fr\/secondaire\/outils-numeriques\/sesame\/#primaryimage\"},\"thumbnailUrl\":\"https:\/\/www.vanin.be\/wp-content\/uploads\/2025\/02\/Vignette-Sesame.png\",\"datePublished\":\"2023-07-06T13:01:55+00:00\",\"dateModified\":\"2025-02-17T09:45:16+00:00\",\"description\":\"L'app S\u00e9same permet de scanner les codes QR pr\u00e9sents dans les ouvrages VAN IN et De Boeck afin d'acc\u00e9der aux diff\u00e9rents contenus multim\u00e9dias.\",\"breadcrumb\":{\"@id\":\"https:\/\/www.vanin.be\/fr\/secondaire\/outils-numeriques\/sesame\/#breadcrumb\"},\"inLanguage\":\"fr-FR\",\"potentialAction\":[{\"@type\":\"ReadAction\",\"target\":[\"https:\/\/www.vanin.be\/fr\/secondaire\/outils-numeriques\/sesame\/\"]}]},{\"@type\":\"ImageObject\",\"inLanguage\":\"fr-FR\",\"@id\":\"https:\/\/www.vanin.be\/fr\/secondaire\/outils-numeriques\/sesame\/#primaryimage\",\"url\":\"https:\/\/www.vanin.be\/wp-content\/uploads\/2025\/02\/Vignette-Sesame.png\",\"contentUrl\":\"https:\/\/www.vanin.be\/wp-content\/uploads\/2025\/02\/Vignette-Sesame.png\",\"width\":492,\"height\":392,\"caption\":\"S\u00e9same\"},{\"@type\":\"BreadcrumbList\",\"@id\":\"https:\/\/www.vanin.be\/fr\/secondaire\/outils-numeriques\/sesame\/#breadcrumb\",\"itemListElement\":[{\"@type\":\"ListItem\",\"position\":1,\"name\":\"Home\",\"item\":\"https:\/\/www.vanin.be\/fr\/\"},{\"@type\":\"ListItem\",\"position\":2,\"name\":\"Enseignement secondaire\",\"item\":\"https:\/\/www.vanin.be\/fr\/secondaire\/\"},{\"@type\":\"ListItem\",\"position\":3,\"name\":\"Outils num\u00e9riques\",\"item\":\"https:\/\/www.vanin.be\/fr\/secondaire\/outils-numeriques\/\"},{\"@type\":\"ListItem\",\"position\":4,\"name\":\"S\u00e9same\"}]},{\"@type\":\"WebSite\",\"@id\":\"https:\/\/www.vanin.be\/fr\/#website\",\"url\":\"https:\/\/www.vanin.be\/fr\/\",\"name\":\"VAN IN\",\"description\":\"VAN IN\",\"publisher\":{\"@id\":\"https:\/\/www.vanin.be\/fr\/#organization\"},\"potentialAction\":[{\"@type\":\"SearchAction\",\"target\":{\"@type\":\"EntryPoint\",\"urlTemplate\":\"https:\/\/www.vanin.be\/fr\/?s={search_term_string}\"},\"query-input\":\"required name=search_term_string\"}],\"inLanguage\":\"fr-FR\"},{\"@type\":\"Organization\",\"@id\":\"https:\/\/www.vanin.be\/fr\/#organization\",\"name\":\"Uitgeverij VAN IN\",\"alternateName\":\"VAN IN\",\"url\":\"https:\/\/www.vanin.be\/fr\/\",\"logo\":{\"@type\":\"ImageObject\",\"inLanguage\":\"fr-FR\",\"@id\":\"https:\/\/www.vanin.be\/fr\/#\/schema\/logo\/image\/\",\"url\":\"https:\/\/www.vanin.be\/wp-content\/uploads\/2025\/01\/VANIN_logo_corporate_FullColor_pos.png\",\"contentUrl\":\"https:\/\/www.vanin.be\/wp-content\/uploads\/2025\/01\/VANIN_logo_corporate_FullColor_pos.png\",\"width\":4246,\"height\":1168,\"caption\":\"Uitgeverij VAN IN\"},\"image\":{\"@id\":\"https:\/\/www.vanin.be\/fr\/#\/schema\/logo\/image\/\"},\"sameAs\":[\"https:\/\/www.facebook.com\/uitgeverijvanin\",\"https:\/\/x.com\/UitgeverijVanIn\",\"https:\/\/www.youtube.com\/uitgeverijvanin\",\"https:\/\/www.linkedin.com\/company\/uitgeverij-van-in\"]}]}<\/script>\n<!-- \/ Yoast SEO Premium plugin. -->","yoast_head_json":{"title":"S\u00e9same - VAN IN","description":"L'app S\u00e9same permet de scanner les codes QR pr\u00e9sents dans les ouvrages VAN IN et De Boeck afin d'acc\u00e9der aux diff\u00e9rents contenus multim\u00e9dias.","robots":{"index":"index","follow":"follow","max-snippet":"max-snippet:-1","max-image-preview":"max-image-preview:large","max-video-preview":"max-video-preview:-1"},"canonical":"https:\/\/www.vanin.be\/fr\/secondaire\/outils-numeriques\/sesame\/","og_locale":"fr_FR","og_type":"article","og_title":"S\u00e9same","og_description":"L'app S\u00e9same permet de scanner les codes QR pr\u00e9sents dans les ouvrages VAN IN et De Boeck afin d'acc\u00e9der aux diff\u00e9rents contenus multim\u00e9dias.","og_url":"https:\/\/www.vanin.be\/fr\/secondaire\/outils-numeriques\/sesame\/","og_site_name":"VAN IN","article_publisher":"https:\/\/www.facebook.com\/uitgeverijvanin","article_modified_time":"2025-02-17T09:45:16+00:00","og_image":[{"width":492,"height":392,"url":"https:\/\/www.vanin.be\/wp-content\/uploads\/2025\/02\/Vignette-Sesame.png","type":"image\/png"}],"twitter_card":"summary_large_image","twitter_site":"@UitgeverijVanIn","schema":{"@context":"https:\/\/schema.org","@graph":[{"@type":"WebPage","@id":"https:\/\/www.vanin.be\/fr\/secondaire\/outils-numeriques\/sesame\/","url":"https:\/\/www.vanin.be\/fr\/secondaire\/outils-numeriques\/sesame\/","name":"S\u00e9same - VAN IN","isPartOf":{"@id":"https:\/\/www.vanin.be\/fr\/#website"},"primaryImageOfPage":{"@id":"https:\/\/www.vanin.be\/fr\/secondaire\/outils-numeriques\/sesame\/#primaryimage"},"image":{"@id":"https:\/\/www.vanin.be\/fr\/secondaire\/outils-numeriques\/sesame\/#primaryimage"},"thumbnailUrl":"https:\/\/www.vanin.be\/wp-content\/uploads\/2025\/02\/Vignette-Sesame.png","datePublished":"2023-07-06T13:01:55+00:00","dateModified":"2025-02-17T09:45:16+00:00","description":"L'app S\u00e9same permet de scanner les codes QR pr\u00e9sents dans les ouvrages VAN IN et De Boeck afin d'acc\u00e9der aux diff\u00e9rents contenus multim\u00e9dias.","breadcrumb":{"@id":"https:\/\/www.vanin.be\/fr\/secondaire\/outils-numeriques\/sesame\/#breadcrumb"},"inLanguage":"fr-FR","potentialAction":[{"@type":"ReadAction","target":["https:\/\/www.vanin.be\/fr\/secondaire\/outils-numeriques\/sesame\/"]}]},{"@type":"ImageObject","inLanguage":"fr-FR","@id":"https:\/\/www.vanin.be\/fr\/secondaire\/outils-numeriques\/sesame\/#primaryimage","url":"https:\/\/www.vanin.be\/wp-content\/uploads\/2025\/02\/Vignette-Sesame.png","contentUrl":"https:\/\/www.vanin.be\/wp-content\/uploads\/2025\/02\/Vignette-Sesame.png","width":492,"height":392,"caption":"S\u00e9same"},{"@type":"BreadcrumbList","@id":"https:\/\/www.vanin.be\/fr\/secondaire\/outils-numeriques\/sesame\/#breadcrumb","itemListElement":[{"@type":"ListItem","position":1,"name":"Home","item":"https:\/\/www.vanin.be\/fr\/"},{"@type":"ListItem","position":2,"name":"Enseignement secondaire","item":"https:\/\/www.vanin.be\/fr\/secondaire\/"},{"@type":"ListItem","position":3,"name":"Outils num\u00e9riques","item":"https:\/\/www.vanin.be\/fr\/secondaire\/outils-numeriques\/"},{"@type":"ListItem","position":4,"name":"S\u00e9same"}]},{"@type":"WebSite","@id":"https:\/\/www.vanin.be\/fr\/#website","url":"https:\/\/www.vanin.be\/fr\/","name":"VAN IN","description":"VAN IN","publisher":{"@id":"https:\/\/www.vanin.be\/fr\/#organization"},"potentialAction":[{"@type":"SearchAction","target":{"@type":"EntryPoint","urlTemplate":"https:\/\/www.vanin.be\/fr\/?s={search_term_string}"},"query-input":"required name=search_term_string"}],"inLanguage":"fr-FR"},{"@type":"Organization","@id":"https:\/\/www.vanin.be\/fr\/#organization","name":"Uitgeverij VAN IN","alternateName":"VAN IN","url":"https:\/\/www.vanin.be\/fr\/","logo":{"@type":"ImageObject","inLanguage":"fr-FR","@id":"https:\/\/www.vanin.be\/fr\/#\/schema\/logo\/image\/","url":"https:\/\/www.vanin.be\/wp-content\/uploads\/2025\/01\/VANIN_logo_corporate_FullColor_pos.png","contentUrl":"https:\/\/www.vanin.be\/wp-content\/uploads\/2025\/01\/VANIN_logo_corporate_FullColor_pos.png","width":4246,"height":1168,"caption":"Uitgeverij VAN IN"},"image":{"@id":"https:\/\/www.vanin.be\/fr\/#\/schema\/logo\/image\/"},"sameAs":["https:\/\/www.facebook.com\/uitgeverijvanin","https:\/\/x.com\/UitgeverijVanIn","https:\/\/www.youtube.com\/uitgeverijvanin","https:\/\/www.linkedin.com\/company\/uitgeverij-van-in"]}]}},"_links":{"self":[{"href":"https:\/\/www.vanin.be\/fr\/wp-json\/wp\/v2\/pages\/20952"}],"collection":[{"href":"https:\/\/www.vanin.be\/fr\/wp-json\/wp\/v2\/pages"}],"about":[{"href":"https:\/\/www.vanin.be\/fr\/wp-json\/wp\/v2\/types\/page"}],"author":[{"embeddable":true,"href":"https:\/\/www.vanin.be\/fr\/wp-json\/wp\/v2\/users\/5"}],"replies":[{"embeddable":true,"href":"https:\/\/www.vanin.be\/fr\/wp-json\/wp\/v2\/comments?post=20952"}],"version-history":[{"count":7,"href":"https:\/\/www.vanin.be\/fr\/wp-json\/wp\/v2\/pages\/20952\/revisions"}],"predecessor-version":[{"id":21359,"href":"https:\/\/www.vanin.be\/fr\/wp-json\/wp\/v2\/pages\/20952\/revisions\/21359"}],"up":[{"embeddable":true,"href":"https:\/\/www.vanin.be\/fr\/wp-json\/wp\/v2\/pages\/20867"}],"wp:featuredmedia":[{"embeddable":true,"href":"https:\/\/www.vanin.be\/fr\/wp-json\/wp\/v2\/media\/54559"}],"wp:attachment":[{"href":"https:\/\/www.vanin.be\/fr\/wp-json\/wp\/v2\/media?parent=20952"}],"curies":[{"name":"wp","href":"https:\/\/api.w.org\/{rel}","templated":true}]}}