{"id":23787,"date":"2023-07-13T08:50:24","date_gmt":"2023-07-13T08:50:24","guid":{"rendered":"https:\/\/www.vanin.be\/?page_id=23787"},"modified":"2025-02-03T12:45:10","modified_gmt":"2025-02-03T12:45:10","slug":"guide","status":"publish","type":"page","link":"https:\/\/www.vanin.be\/fr\/secondaire\/infos\/guide\/","title":{"rendered":"Votre guide \u00e0 -50%"},"content":{"rendered":"","protected":false},"excerpt":{"rendered":"","protected":false},"author":5,"featured_media":0,"parent":24706,"menu_order":0,"comment_status":"closed","ping_status":"closed","template":"","meta":{"_acf_changed":false,"footnotes":""},"acf":[],"yoast_head":"<!-- This site is optimized with the Yoast SEO Premium plugin v22.8 (Yoast SEO v22.8) - https:\/\/yoast.com\/wordpress\/plugins\/seo\/ -->\n<title>Votre guide \u00e0 -50% - VAN IN<\/title>\n<meta name=\"description\" content=\"Si vous avez adopt\u00e9 une m\u00e9thode VAN IN - DE BOECK dans votre classe au secondaire, vous b\u00e9n\u00e9ficiez d&#039;une r\u00e9duction de 50% sur votre guide.\" \/>\n<meta name=\"robots\" content=\"index, follow, max-snippet:-1, max-image-preview:large, max-video-preview:-1\" \/>\n<link rel=\"canonical\" href=\"https:\/\/www.vanin.be\/fr\/secondaire\/infos\/guide\/\" \/>\n<meta property=\"og:locale\" content=\"fr_FR\" \/>\n<meta property=\"og:type\" content=\"article\" \/>\n<meta property=\"og:title\" content=\"Votre guide \u00e0 -50%\" \/>\n<meta property=\"og:description\" content=\"Si vous avez adopt\u00e9 une m\u00e9thode VAN IN - DE BOECK dans votre classe au secondaire, vous b\u00e9n\u00e9ficiez d&#039;une r\u00e9duction de 50% sur votre guide.\" \/>\n<meta property=\"og:url\" content=\"https:\/\/www.vanin.be\/fr\/secondaire\/infos\/guide\/\" \/>\n<meta property=\"og:site_name\" content=\"VAN IN\" \/>\n<meta property=\"article:publisher\" content=\"https:\/\/www.facebook.com\/uitgeverijvanin\" \/>\n<meta property=\"article:modified_time\" content=\"2025-02-03T12:45:10+00:00\" \/>\n<meta name=\"twitter:card\" content=\"summary_large_image\" \/>\n<meta name=\"twitter:site\" content=\"@UitgeverijVanIn\" \/>\n<script type=\"application\/ld+json\" class=\"yoast-schema-graph\">{\"@context\":\"https:\/\/schema.org\",\"@graph\":[{\"@type\":\"WebPage\",\"@id\":\"https:\/\/www.vanin.be\/fr\/secondaire\/infos\/guide\/\",\"url\":\"https:\/\/www.vanin.be\/fr\/secondaire\/infos\/guide\/\",\"name\":\"Votre guide \u00e0 -50% - VAN IN\",\"isPartOf\":{\"@id\":\"https:\/\/www.bordboeken.be\/#website\"},\"datePublished\":\"2023-07-13T08:50:24+00:00\",\"dateModified\":\"2025-02-03T12:45:10+00:00\",\"description\":\"Si vous avez adopt\u00e9 une m\u00e9thode VAN IN - DE BOECK dans votre classe au secondaire, vous b\u00e9n\u00e9ficiez d'une r\u00e9duction de 50% sur votre guide.\",\"breadcrumb\":{\"@id\":\"https:\/\/www.vanin.be\/fr\/secondaire\/infos\/guide\/#breadcrumb\"},\"inLanguage\":\"fr-FR\",\"potentialAction\":[{\"@type\":\"ReadAction\",\"target\":[\"https:\/\/www.vanin.be\/fr\/secondaire\/infos\/guide\/\"]}]},{\"@type\":\"BreadcrumbList\",\"@id\":\"https:\/\/www.vanin.be\/fr\/secondaire\/infos\/guide\/#breadcrumb\",\"itemListElement\":[{\"@type\":\"ListItem\",\"position\":1,\"name\":\"Home\",\"item\":\"https:\/\/www.vanin.be\/fr\/\"},{\"@type\":\"ListItem\",\"position\":2,\"name\":\"Enseignement secondaire\",\"item\":\"https:\/\/www.vanin.be\/fr\/secondaire\/\"},{\"@type\":\"ListItem\",\"position\":3,\"name\":\"Infos pratiques\",\"item\":\"https:\/\/www.vanin.be\/fr\/secondaire\/infos\/\"},{\"@type\":\"ListItem\",\"position\":4,\"name\":\"Votre guide \u00e0 -50%\"}]},{\"@type\":\"WebSite\",\"@id\":\"https:\/\/www.bordboeken.be\/#website\",\"url\":\"https:\/\/www.bordboeken.be\/\",\"name\":\"VAN IN\",\"description\":\"VAN IN\",\"publisher\":{\"@id\":\"https:\/\/www.bordboeken.be\/#organization\"},\"potentialAction\":[{\"@type\":\"SearchAction\",\"target\":{\"@type\":\"EntryPoint\",\"urlTemplate\":\"https:\/\/www.bordboeken.be\/?s={search_term_string}\"},\"query-input\":\"required name=search_term_string\"}],\"inLanguage\":\"fr-FR\"},{\"@type\":\"Organization\",\"@id\":\"https:\/\/www.bordboeken.be\/#organization\",\"name\":\"Uitgeverij VAN IN\",\"alternateName\":\"VAN IN\",\"url\":\"https:\/\/www.bordboeken.be\/\",\"logo\":{\"@type\":\"ImageObject\",\"inLanguage\":\"fr-FR\",\"@id\":\"https:\/\/www.bordboeken.be\/#\/schema\/logo\/image\/\",\"url\":\"https:\/\/www.vanin.be\/wp-content\/uploads\/2025\/01\/VANIN_logo_corporate_FullColor_pos.png\",\"contentUrl\":\"https:\/\/www.vanin.be\/wp-content\/uploads\/2025\/01\/VANIN_logo_corporate_FullColor_pos.png\",\"width\":4246,\"height\":1168,\"caption\":\"Uitgeverij VAN IN\"},\"image\":{\"@id\":\"https:\/\/www.bordboeken.be\/#\/schema\/logo\/image\/\"},\"sameAs\":[\"https:\/\/www.facebook.com\/uitgeverijvanin\",\"https:\/\/x.com\/UitgeverijVanIn\",\"https:\/\/www.youtube.com\/uitgeverijvanin\",\"https:\/\/www.linkedin.com\/company\/uitgeverij-van-in\"]}]}<\/script>\n<!-- \/ Yoast SEO Premium plugin. -->","yoast_head_json":{"title":"Votre guide \u00e0 -50% - VAN IN","description":"Si vous avez adopt\u00e9 une m\u00e9thode VAN IN - DE BOECK dans votre classe au secondaire, vous b\u00e9n\u00e9ficiez d'une r\u00e9duction de 50% sur votre guide.","robots":{"index":"index","follow":"follow","max-snippet":"max-snippet:-1","max-image-preview":"max-image-preview:large","max-video-preview":"max-video-preview:-1"},"canonical":"https:\/\/www.vanin.be\/fr\/secondaire\/infos\/guide\/","og_locale":"fr_FR","og_type":"article","og_title":"Votre guide \u00e0 -50%","og_description":"Si vous avez adopt\u00e9 une m\u00e9thode VAN IN - DE BOECK dans votre classe au secondaire, vous b\u00e9n\u00e9ficiez d'une r\u00e9duction de 50% sur votre guide.","og_url":"https:\/\/www.vanin.be\/fr\/secondaire\/infos\/guide\/","og_site_name":"VAN IN","article_publisher":"https:\/\/www.facebook.com\/uitgeverijvanin","article_modified_time":"2025-02-03T12:45:10+00:00","twitter_card":"summary_large_image","twitter_site":"@UitgeverijVanIn","schema":{"@context":"https:\/\/schema.org","@graph":[{"@type":"WebPage","@id":"https:\/\/www.vanin.be\/fr\/secondaire\/infos\/guide\/","url":"https:\/\/www.vanin.be\/fr\/secondaire\/infos\/guide\/","name":"Votre guide \u00e0 -50% - VAN IN","isPartOf":{"@id":"https:\/\/www.bordboeken.be\/#website"},"datePublished":"2023-07-13T08:50:24+00:00","dateModified":"2025-02-03T12:45:10+00:00","description":"Si vous avez adopt\u00e9 une m\u00e9thode VAN IN - DE BOECK dans votre classe au secondaire, vous b\u00e9n\u00e9ficiez d'une r\u00e9duction de 50% sur votre guide.","breadcrumb":{"@id":"https:\/\/www.vanin.be\/fr\/secondaire\/infos\/guide\/#breadcrumb"},"inLanguage":"fr-FR","potentialAction":[{"@type":"ReadAction","target":["https:\/\/www.vanin.be\/fr\/secondaire\/infos\/guide\/"]}]},{"@type":"BreadcrumbList","@id":"https:\/\/www.vanin.be\/fr\/secondaire\/infos\/guide\/#breadcrumb","itemListElement":[{"@type":"ListItem","position":1,"name":"Home","item":"https:\/\/www.vanin.be\/fr\/"},{"@type":"ListItem","position":2,"name":"Enseignement secondaire","item":"https:\/\/www.vanin.be\/fr\/secondaire\/"},{"@type":"ListItem","position":3,"name":"Infos pratiques","item":"https:\/\/www.vanin.be\/fr\/secondaire\/infos\/"},{"@type":"ListItem","position":4,"name":"Votre guide \u00e0 -50%"}]},{"@type":"WebSite","@id":"https:\/\/www.bordboeken.be\/#website","url":"https:\/\/www.bordboeken.be\/","name":"VAN IN","description":"VAN IN","publisher":{"@id":"https:\/\/www.bordboeken.be\/#organization"},"potentialAction":[{"@type":"SearchAction","target":{"@type":"EntryPoint","urlTemplate":"https:\/\/www.bordboeken.be\/?s={search_term_string}"},"query-input":"required name=search_term_string"}],"inLanguage":"fr-FR"},{"@type":"Organization","@id":"https:\/\/www.bordboeken.be\/#organization","name":"Uitgeverij VAN IN","alternateName":"VAN IN","url":"https:\/\/www.bordboeken.be\/","logo":{"@type":"ImageObject","inLanguage":"fr-FR","@id":"https:\/\/www.bordboeken.be\/#\/schema\/logo\/image\/","url":"https:\/\/www.vanin.be\/wp-content\/uploads\/2025\/01\/VANIN_logo_corporate_FullColor_pos.png","contentUrl":"https:\/\/www.vanin.be\/wp-content\/uploads\/2025\/01\/VANIN_logo_corporate_FullColor_pos.png","width":4246,"height":1168,"caption":"Uitgeverij VAN IN"},"image":{"@id":"https:\/\/www.bordboeken.be\/#\/schema\/logo\/image\/"},"sameAs":["https:\/\/www.facebook.com\/uitgeverijvanin","https:\/\/x.com\/UitgeverijVanIn","https:\/\/www.youtube.com\/uitgeverijvanin","https:\/\/www.linkedin.com\/company\/uitgeverij-van-in"]}]}},"_links":{"self":[{"href":"https:\/\/www.vanin.be\/fr\/wp-json\/wp\/v2\/pages\/23787"}],"collection":[{"href":"https:\/\/www.vanin.be\/fr\/wp-json\/wp\/v2\/pages"}],"about":[{"href":"https:\/\/www.vanin.be\/fr\/wp-json\/wp\/v2\/types\/page"}],"author":[{"embeddable":true,"href":"https:\/\/www.vanin.be\/fr\/wp-json\/wp\/v2\/users\/5"}],"replies":[{"embeddable":true,"href":"https:\/\/www.vanin.be\/fr\/wp-json\/wp\/v2\/comments?post=23787"}],"version-history":[{"count":10,"href":"https:\/\/www.vanin.be\/fr\/wp-json\/wp\/v2\/pages\/23787\/revisions"}],"predecessor-version":[{"id":53816,"href":"https:\/\/www.vanin.be\/fr\/wp-json\/wp\/v2\/pages\/23787\/revisions\/53816"}],"up":[{"embeddable":true,"href":"https:\/\/www.vanin.be\/fr\/wp-json\/wp\/v2\/pages\/24706"}],"wp:attachment":[{"href":"https:\/\/www.vanin.be\/fr\/wp-json\/wp\/v2\/media?parent=23787"}],"curies":[{"name":"wp","href":"https:\/\/api.w.org\/{rel}","templated":true}]}}