{"id":36529,"date":"2023-12-04T11:40:24","date_gmt":"2023-12-04T11:40:24","guid":{"rendered":"https:\/\/www.vanin.be\/secondaire\/mathematiques-2-copy\/"},"modified":"2025-07-10T14:07:30","modified_gmt":"2025-07-10T14:07:30","slug":"mathematiques","status":"publish","type":"page","link":"https:\/\/www.vanin.be\/fr\/secondaire\/mathematiques\/","title":{"rendered":"Math\u00e9matiques"},"content":{"rendered":"","protected":false},"excerpt":{"rendered":"","protected":false},"author":30,"featured_media":0,"parent":18330,"menu_order":0,"comment_status":"closed","ping_status":"closed","template":"","meta":{"_acf_changed":false,"footnotes":""},"acf":[],"yoast_head":"<!-- This site is optimized with the Yoast SEO Premium plugin v22.8 (Yoast SEO v22.8) - https:\/\/yoast.com\/wordpress\/plugins\/seo\/ -->\n<title>Math\u00e9matiques - VAN IN<\/title>\n<meta name=\"description\" content=\"D\u00e9couvrez les collections VAN IN - DE BOECK pour le cours de math\u00e9mariques dans l&#039;enseignement secondaire g\u00e9n\u00e9ral et qualifiant.\" \/>\n<meta name=\"robots\" content=\"index, follow, max-snippet:-1, max-image-preview:large, max-video-preview:-1\" \/>\n<link rel=\"canonical\" href=\"https:\/\/www.vanin.be\/fr\/secondaire\/mathematiques\/\" \/>\n<meta property=\"og:locale\" content=\"fr_FR\" \/>\n<meta property=\"og:type\" content=\"article\" \/>\n<meta property=\"og:title\" content=\"Math\u00e9matiques\" \/>\n<meta property=\"og:description\" content=\"D\u00e9couvrez les collections VAN IN - DE BOECK pour le cours de math\u00e9mariques dans l&#039;enseignement secondaire g\u00e9n\u00e9ral et qualifiant.\" \/>\n<meta property=\"og:url\" content=\"https:\/\/www.vanin.be\/fr\/secondaire\/mathematiques\/\" \/>\n<meta property=\"og:site_name\" content=\"VAN IN\" \/>\n<meta property=\"article:publisher\" content=\"https:\/\/www.facebook.com\/uitgeverijvanin\" \/>\n<meta property=\"article:modified_time\" content=\"2025-07-10T14:07:30+00:00\" \/>\n<meta name=\"twitter:card\" content=\"summary_large_image\" \/>\n<meta name=\"twitter:site\" content=\"@UitgeverijVanIn\" \/>\n<script type=\"application\/ld+json\" class=\"yoast-schema-graph\">{\"@context\":\"https:\/\/schema.org\",\"@graph\":[{\"@type\":\"WebPage\",\"@id\":\"https:\/\/www.vanin.be\/fr\/secondaire\/mathematiques\/\",\"url\":\"https:\/\/www.vanin.be\/fr\/secondaire\/mathematiques\/\",\"name\":\"Math\u00e9matiques - VAN IN\",\"isPartOf\":{\"@id\":\"https:\/\/www.bordboeken.be\/fr\/#website\"},\"datePublished\":\"2023-12-04T11:40:24+00:00\",\"dateModified\":\"2025-07-10T14:07:30+00:00\",\"description\":\"D\u00e9couvrez les collections VAN IN - DE BOECK pour le cours de math\u00e9mariques dans l'enseignement secondaire g\u00e9n\u00e9ral et qualifiant.\",\"breadcrumb\":{\"@id\":\"https:\/\/www.vanin.be\/fr\/secondaire\/mathematiques\/#breadcrumb\"},\"inLanguage\":\"fr-FR\",\"potentialAction\":[{\"@type\":\"ReadAction\",\"target\":[\"https:\/\/www.vanin.be\/fr\/secondaire\/mathematiques\/\"]}]},{\"@type\":\"BreadcrumbList\",\"@id\":\"https:\/\/www.vanin.be\/fr\/secondaire\/mathematiques\/#breadcrumb\",\"itemListElement\":[{\"@type\":\"ListItem\",\"position\":1,\"name\":\"Home\",\"item\":\"https:\/\/www.bordboeken.be\/fr\/\"},{\"@type\":\"ListItem\",\"position\":2,\"name\":\"Enseignement secondaire\",\"item\":\"https:\/\/www.vanin.be\/fr\/secondaire\/\"},{\"@type\":\"ListItem\",\"position\":3,\"name\":\"Math\u00e9matiques\"}]},{\"@type\":\"WebSite\",\"@id\":\"https:\/\/www.bordboeken.be\/fr\/#website\",\"url\":\"https:\/\/www.bordboeken.be\/fr\/\",\"name\":\"VAN IN\",\"description\":\"VAN IN\",\"publisher\":{\"@id\":\"https:\/\/www.bordboeken.be\/fr\/#organization\"},\"potentialAction\":[{\"@type\":\"SearchAction\",\"target\":{\"@type\":\"EntryPoint\",\"urlTemplate\":\"https:\/\/www.bordboeken.be\/fr\/?s={search_term_string}\"},\"query-input\":\"required name=search_term_string\"}],\"inLanguage\":\"fr-FR\"},{\"@type\":\"Organization\",\"@id\":\"https:\/\/www.bordboeken.be\/fr\/#organization\",\"name\":\"Uitgeverij VAN IN\",\"alternateName\":\"VAN IN\",\"url\":\"https:\/\/www.bordboeken.be\/fr\/\",\"logo\":{\"@type\":\"ImageObject\",\"inLanguage\":\"fr-FR\",\"@id\":\"https:\/\/www.bordboeken.be\/fr\/#\/schema\/logo\/image\/\",\"url\":\"https:\/\/www.vanin.be\/wp-content\/uploads\/2025\/01\/VANIN_logo_corporate_FullColor_pos.png\",\"contentUrl\":\"https:\/\/www.vanin.be\/wp-content\/uploads\/2025\/01\/VANIN_logo_corporate_FullColor_pos.png\",\"width\":4246,\"height\":1168,\"caption\":\"Uitgeverij VAN IN\"},\"image\":{\"@id\":\"https:\/\/www.bordboeken.be\/fr\/#\/schema\/logo\/image\/\"},\"sameAs\":[\"https:\/\/www.facebook.com\/uitgeverijvanin\",\"https:\/\/x.com\/UitgeverijVanIn\",\"https:\/\/www.youtube.com\/uitgeverijvanin\",\"https:\/\/www.linkedin.com\/company\/uitgeverij-van-in\"]}]}<\/script>\n<!-- \/ Yoast SEO Premium plugin. -->","yoast_head_json":{"title":"Math\u00e9matiques - VAN IN","description":"D\u00e9couvrez les collections VAN IN - DE BOECK pour le cours de math\u00e9mariques dans l'enseignement secondaire g\u00e9n\u00e9ral et qualifiant.","robots":{"index":"index","follow":"follow","max-snippet":"max-snippet:-1","max-image-preview":"max-image-preview:large","max-video-preview":"max-video-preview:-1"},"canonical":"https:\/\/www.vanin.be\/fr\/secondaire\/mathematiques\/","og_locale":"fr_FR","og_type":"article","og_title":"Math\u00e9matiques","og_description":"D\u00e9couvrez les collections VAN IN - DE BOECK pour le cours de math\u00e9mariques dans l'enseignement secondaire g\u00e9n\u00e9ral et qualifiant.","og_url":"https:\/\/www.vanin.be\/fr\/secondaire\/mathematiques\/","og_site_name":"VAN IN","article_publisher":"https:\/\/www.facebook.com\/uitgeverijvanin","article_modified_time":"2025-07-10T14:07:30+00:00","twitter_card":"summary_large_image","twitter_site":"@UitgeverijVanIn","schema":{"@context":"https:\/\/schema.org","@graph":[{"@type":"WebPage","@id":"https:\/\/www.vanin.be\/fr\/secondaire\/mathematiques\/","url":"https:\/\/www.vanin.be\/fr\/secondaire\/mathematiques\/","name":"Math\u00e9matiques - VAN IN","isPartOf":{"@id":"https:\/\/www.bordboeken.be\/fr\/#website"},"datePublished":"2023-12-04T11:40:24+00:00","dateModified":"2025-07-10T14:07:30+00:00","description":"D\u00e9couvrez les collections VAN IN - DE BOECK pour le cours de math\u00e9mariques dans l'enseignement secondaire g\u00e9n\u00e9ral et qualifiant.","breadcrumb":{"@id":"https:\/\/www.vanin.be\/fr\/secondaire\/mathematiques\/#breadcrumb"},"inLanguage":"fr-FR","potentialAction":[{"@type":"ReadAction","target":["https:\/\/www.vanin.be\/fr\/secondaire\/mathematiques\/"]}]},{"@type":"BreadcrumbList","@id":"https:\/\/www.vanin.be\/fr\/secondaire\/mathematiques\/#breadcrumb","itemListElement":[{"@type":"ListItem","position":1,"name":"Home","item":"https:\/\/www.bordboeken.be\/fr\/"},{"@type":"ListItem","position":2,"name":"Enseignement secondaire","item":"https:\/\/www.vanin.be\/fr\/secondaire\/"},{"@type":"ListItem","position":3,"name":"Math\u00e9matiques"}]},{"@type":"WebSite","@id":"https:\/\/www.bordboeken.be\/fr\/#website","url":"https:\/\/www.bordboeken.be\/fr\/","name":"VAN IN","description":"VAN IN","publisher":{"@id":"https:\/\/www.bordboeken.be\/fr\/#organization"},"potentialAction":[{"@type":"SearchAction","target":{"@type":"EntryPoint","urlTemplate":"https:\/\/www.bordboeken.be\/fr\/?s={search_term_string}"},"query-input":"required name=search_term_string"}],"inLanguage":"fr-FR"},{"@type":"Organization","@id":"https:\/\/www.bordboeken.be\/fr\/#organization","name":"Uitgeverij VAN IN","alternateName":"VAN IN","url":"https:\/\/www.bordboeken.be\/fr\/","logo":{"@type":"ImageObject","inLanguage":"fr-FR","@id":"https:\/\/www.bordboeken.be\/fr\/#\/schema\/logo\/image\/","url":"https:\/\/www.vanin.be\/wp-content\/uploads\/2025\/01\/VANIN_logo_corporate_FullColor_pos.png","contentUrl":"https:\/\/www.vanin.be\/wp-content\/uploads\/2025\/01\/VANIN_logo_corporate_FullColor_pos.png","width":4246,"height":1168,"caption":"Uitgeverij VAN IN"},"image":{"@id":"https:\/\/www.bordboeken.be\/fr\/#\/schema\/logo\/image\/"},"sameAs":["https:\/\/www.facebook.com\/uitgeverijvanin","https:\/\/x.com\/UitgeverijVanIn","https:\/\/www.youtube.com\/uitgeverijvanin","https:\/\/www.linkedin.com\/company\/uitgeverij-van-in"]}]}},"_links":{"self":[{"href":"https:\/\/www.vanin.be\/fr\/wp-json\/wp\/v2\/pages\/36529"}],"collection":[{"href":"https:\/\/www.vanin.be\/fr\/wp-json\/wp\/v2\/pages"}],"about":[{"href":"https:\/\/www.vanin.be\/fr\/wp-json\/wp\/v2\/types\/page"}],"author":[{"embeddable":true,"href":"https:\/\/www.vanin.be\/fr\/wp-json\/wp\/v2\/users\/30"}],"replies":[{"embeddable":true,"href":"https:\/\/www.vanin.be\/fr\/wp-json\/wp\/v2\/comments?post=36529"}],"version-history":[{"count":8,"href":"https:\/\/www.vanin.be\/fr\/wp-json\/wp\/v2\/pages\/36529\/revisions"}],"predecessor-version":[{"id":58098,"href":"https:\/\/www.vanin.be\/fr\/wp-json\/wp\/v2\/pages\/36529\/revisions\/58098"}],"up":[{"embeddable":true,"href":"https:\/\/www.vanin.be\/fr\/wp-json\/wp\/v2\/pages\/18330"}],"wp:attachment":[{"href":"https:\/\/www.vanin.be\/fr\/wp-json\/wp\/v2\/media?parent=36529"}],"curies":[{"name":"wp","href":"https:\/\/api.w.org\/{rel}","templated":true}]}}