{"id":40987,"date":"2024-03-01T09:56:36","date_gmt":"2024-03-01T09:56:36","guid":{"rendered":"https:\/\/www.vanin.be\/fondamental\/evenements-2\/vaninchezvous2024-copy\/"},"modified":"2024-03-21T13:15:39","modified_gmt":"2024-03-21T13:15:39","slug":"atelierelan2024","status":"publish","type":"page","link":"https:\/\/www.vanin.be\/fr\/fondamental\/evenements-2\/atelierelan2024\/","title":{"rendered":"Sessions d\u00e9couverte \u00c9lan 2024"},"content":{"rendered":"","protected":false},"excerpt":{"rendered":"","protected":false},"author":25,"featured_media":0,"parent":32830,"menu_order":0,"comment_status":"closed","ping_status":"closed","template":"","meta":{"_acf_changed":false,"footnotes":""},"acf":[],"yoast_head":"<!-- This site is optimized with the Yoast SEO Premium plugin v22.8 (Yoast SEO v22.8) - https:\/\/yoast.com\/wordpress\/plugins\/seo\/ -->\n<title>Sessions d\u00e9couverte \u00c9lan 2024 - VAN IN<\/title>\n<meta name=\"description\" content=\"Inscrivez-vous \u00e0 nos sessions d\u00e9couverte \u00c9lan ce samedi 23 mars 2024 ! D\u00e9couvrez une m\u00e9thode innovante et motivante qui met chaque \u00e9l\u00e8ve en situation de r\u00e9ussite.\" \/>\n<meta name=\"robots\" content=\"index, follow, max-snippet:-1, max-image-preview:large, max-video-preview:-1\" \/>\n<link rel=\"canonical\" href=\"https:\/\/www.vanin.be\/fr\/fondamental\/evenements-2\/atelierelan2024\/\" \/>\n<meta property=\"og:locale\" content=\"fr_FR\" \/>\n<meta property=\"og:type\" content=\"article\" \/>\n<meta property=\"og:title\" content=\"Sessions d\u00e9couverte \u00c9lan 2024\" \/>\n<meta property=\"og:description\" content=\"Inscrivez-vous \u00e0 nos sessions d\u00e9couverte \u00c9lan ce samedi 23 mars 2024 ! D\u00e9couvrez une m\u00e9thode innovante et motivante qui met chaque \u00e9l\u00e8ve en situation de r\u00e9ussite.\" \/>\n<meta property=\"og:url\" content=\"https:\/\/www.vanin.be\/fr\/fondamental\/evenements-2\/atelierelan2024\/\" \/>\n<meta property=\"og:site_name\" content=\"VAN IN\" \/>\n<meta property=\"article:publisher\" content=\"https:\/\/www.facebook.com\/uitgeverijvanin\" \/>\n<meta property=\"article:modified_time\" content=\"2024-03-21T13:15:39+00:00\" \/>\n<meta name=\"twitter:card\" content=\"summary_large_image\" \/>\n<meta name=\"twitter:site\" content=\"@UitgeverijVanIn\" \/>\n<script type=\"application\/ld+json\" class=\"yoast-schema-graph\">{\"@context\":\"https:\/\/schema.org\",\"@graph\":[{\"@type\":\"WebPage\",\"@id\":\"https:\/\/www.vanin.be\/fr\/fondamental\/evenements-2\/atelierelan2024\/\",\"url\":\"https:\/\/www.vanin.be\/fr\/fondamental\/evenements-2\/atelierelan2024\/\",\"name\":\"Sessions d\u00e9couverte \u00c9lan 2024 - VAN IN\",\"isPartOf\":{\"@id\":\"https:\/\/54.216.154.67\/#website\"},\"datePublished\":\"2024-03-01T09:56:36+00:00\",\"dateModified\":\"2024-03-21T13:15:39+00:00\",\"description\":\"Inscrivez-vous \u00e0 nos sessions d\u00e9couverte \u00c9lan ce samedi 23 mars 2024 ! D\u00e9couvrez une m\u00e9thode innovante et motivante qui met chaque \u00e9l\u00e8ve en situation de r\u00e9ussite.\",\"breadcrumb\":{\"@id\":\"https:\/\/www.vanin.be\/fr\/fondamental\/evenements-2\/atelierelan2024\/#breadcrumb\"},\"inLanguage\":\"fr-FR\",\"potentialAction\":[{\"@type\":\"ReadAction\",\"target\":[\"https:\/\/www.vanin.be\/fr\/fondamental\/evenements-2\/atelierelan2024\/\"]}]},{\"@type\":\"BreadcrumbList\",\"@id\":\"https:\/\/www.vanin.be\/fr\/fondamental\/evenements-2\/atelierelan2024\/#breadcrumb\",\"itemListElement\":[{\"@type\":\"ListItem\",\"position\":1,\"name\":\"Home\",\"item\":\"https:\/\/www.vanin.be\/fr\/\"},{\"@type\":\"ListItem\",\"position\":2,\"name\":\"Enseignement fondamental\",\"item\":\"https:\/\/www.vanin.be\/fr\/fondamental\/\"},{\"@type\":\"ListItem\",\"position\":3,\"name\":\"\u00c9v\u00e8nements\",\"item\":\"https:\/\/www.vanin.be\/fr\/fondamental\/evenements-2\/\"},{\"@type\":\"ListItem\",\"position\":4,\"name\":\"Sessions d\u00e9couverte \u00c9lan 2024\"}]},{\"@type\":\"WebSite\",\"@id\":\"https:\/\/54.216.154.67\/#website\",\"url\":\"https:\/\/54.216.154.67\/\",\"name\":\"VAN IN\",\"description\":\"VAN IN\",\"publisher\":{\"@id\":\"https:\/\/54.216.154.67\/#organization\"},\"potentialAction\":[{\"@type\":\"SearchAction\",\"target\":{\"@type\":\"EntryPoint\",\"urlTemplate\":\"https:\/\/54.216.154.67\/?s={search_term_string}\"},\"query-input\":\"required name=search_term_string\"}],\"inLanguage\":\"fr-FR\"},{\"@type\":\"Organization\",\"@id\":\"https:\/\/54.216.154.67\/#organization\",\"name\":\"Uitgeverij VAN IN\",\"alternateName\":\"VAN IN\",\"url\":\"https:\/\/54.216.154.67\/\",\"logo\":{\"@type\":\"ImageObject\",\"inLanguage\":\"fr-FR\",\"@id\":\"https:\/\/54.216.154.67\/#\/schema\/logo\/image\/\",\"url\":\"https:\/\/www.vanin.be\/wp-content\/uploads\/2025\/01\/VANIN_logo_corporate_FullColor_pos.png\",\"contentUrl\":\"https:\/\/www.vanin.be\/wp-content\/uploads\/2025\/01\/VANIN_logo_corporate_FullColor_pos.png\",\"width\":4246,\"height\":1168,\"caption\":\"Uitgeverij VAN IN\"},\"image\":{\"@id\":\"https:\/\/54.216.154.67\/#\/schema\/logo\/image\/\"},\"sameAs\":[\"https:\/\/www.facebook.com\/uitgeverijvanin\",\"https:\/\/x.com\/UitgeverijVanIn\",\"https:\/\/www.youtube.com\/uitgeverijvanin\",\"https:\/\/www.linkedin.com\/company\/uitgeverij-van-in\"]}]}<\/script>\n<!-- \/ Yoast SEO Premium plugin. -->","yoast_head_json":{"title":"Sessions d\u00e9couverte \u00c9lan 2024 - VAN IN","description":"Inscrivez-vous \u00e0 nos sessions d\u00e9couverte \u00c9lan ce samedi 23 mars 2024 ! D\u00e9couvrez une m\u00e9thode innovante et motivante qui met chaque \u00e9l\u00e8ve en situation de r\u00e9ussite.","robots":{"index":"index","follow":"follow","max-snippet":"max-snippet:-1","max-image-preview":"max-image-preview:large","max-video-preview":"max-video-preview:-1"},"canonical":"https:\/\/www.vanin.be\/fr\/fondamental\/evenements-2\/atelierelan2024\/","og_locale":"fr_FR","og_type":"article","og_title":"Sessions d\u00e9couverte \u00c9lan 2024","og_description":"Inscrivez-vous \u00e0 nos sessions d\u00e9couverte \u00c9lan ce samedi 23 mars 2024 ! D\u00e9couvrez une m\u00e9thode innovante et motivante qui met chaque \u00e9l\u00e8ve en situation de r\u00e9ussite.","og_url":"https:\/\/www.vanin.be\/fr\/fondamental\/evenements-2\/atelierelan2024\/","og_site_name":"VAN IN","article_publisher":"https:\/\/www.facebook.com\/uitgeverijvanin","article_modified_time":"2024-03-21T13:15:39+00:00","twitter_card":"summary_large_image","twitter_site":"@UitgeverijVanIn","schema":{"@context":"https:\/\/schema.org","@graph":[{"@type":"WebPage","@id":"https:\/\/www.vanin.be\/fr\/fondamental\/evenements-2\/atelierelan2024\/","url":"https:\/\/www.vanin.be\/fr\/fondamental\/evenements-2\/atelierelan2024\/","name":"Sessions d\u00e9couverte \u00c9lan 2024 - VAN IN","isPartOf":{"@id":"https:\/\/54.216.154.67\/#website"},"datePublished":"2024-03-01T09:56:36+00:00","dateModified":"2024-03-21T13:15:39+00:00","description":"Inscrivez-vous \u00e0 nos sessions d\u00e9couverte \u00c9lan ce samedi 23 mars 2024 ! D\u00e9couvrez une m\u00e9thode innovante et motivante qui met chaque \u00e9l\u00e8ve en situation de r\u00e9ussite.","breadcrumb":{"@id":"https:\/\/www.vanin.be\/fr\/fondamental\/evenements-2\/atelierelan2024\/#breadcrumb"},"inLanguage":"fr-FR","potentialAction":[{"@type":"ReadAction","target":["https:\/\/www.vanin.be\/fr\/fondamental\/evenements-2\/atelierelan2024\/"]}]},{"@type":"BreadcrumbList","@id":"https:\/\/www.vanin.be\/fr\/fondamental\/evenements-2\/atelierelan2024\/#breadcrumb","itemListElement":[{"@type":"ListItem","position":1,"name":"Home","item":"https:\/\/www.vanin.be\/fr\/"},{"@type":"ListItem","position":2,"name":"Enseignement fondamental","item":"https:\/\/www.vanin.be\/fr\/fondamental\/"},{"@type":"ListItem","position":3,"name":"\u00c9v\u00e8nements","item":"https:\/\/www.vanin.be\/fr\/fondamental\/evenements-2\/"},{"@type":"ListItem","position":4,"name":"Sessions d\u00e9couverte \u00c9lan 2024"}]},{"@type":"WebSite","@id":"https:\/\/54.216.154.67\/#website","url":"https:\/\/54.216.154.67\/","name":"VAN IN","description":"VAN IN","publisher":{"@id":"https:\/\/54.216.154.67\/#organization"},"potentialAction":[{"@type":"SearchAction","target":{"@type":"EntryPoint","urlTemplate":"https:\/\/54.216.154.67\/?s={search_term_string}"},"query-input":"required name=search_term_string"}],"inLanguage":"fr-FR"},{"@type":"Organization","@id":"https:\/\/54.216.154.67\/#organization","name":"Uitgeverij VAN IN","alternateName":"VAN IN","url":"https:\/\/54.216.154.67\/","logo":{"@type":"ImageObject","inLanguage":"fr-FR","@id":"https:\/\/54.216.154.67\/#\/schema\/logo\/image\/","url":"https:\/\/www.vanin.be\/wp-content\/uploads\/2025\/01\/VANIN_logo_corporate_FullColor_pos.png","contentUrl":"https:\/\/www.vanin.be\/wp-content\/uploads\/2025\/01\/VANIN_logo_corporate_FullColor_pos.png","width":4246,"height":1168,"caption":"Uitgeverij VAN IN"},"image":{"@id":"https:\/\/54.216.154.67\/#\/schema\/logo\/image\/"},"sameAs":["https:\/\/www.facebook.com\/uitgeverijvanin","https:\/\/x.com\/UitgeverijVanIn","https:\/\/www.youtube.com\/uitgeverijvanin","https:\/\/www.linkedin.com\/company\/uitgeverij-van-in"]}]}},"_links":{"self":[{"href":"https:\/\/www.vanin.be\/fr\/wp-json\/wp\/v2\/pages\/40987"}],"collection":[{"href":"https:\/\/www.vanin.be\/fr\/wp-json\/wp\/v2\/pages"}],"about":[{"href":"https:\/\/www.vanin.be\/fr\/wp-json\/wp\/v2\/types\/page"}],"author":[{"embeddable":true,"href":"https:\/\/www.vanin.be\/fr\/wp-json\/wp\/v2\/users\/25"}],"replies":[{"embeddable":true,"href":"https:\/\/www.vanin.be\/fr\/wp-json\/wp\/v2\/comments?post=40987"}],"version-history":[{"count":17,"href":"https:\/\/www.vanin.be\/fr\/wp-json\/wp\/v2\/pages\/40987\/revisions"}],"predecessor-version":[{"id":42170,"href":"https:\/\/www.vanin.be\/fr\/wp-json\/wp\/v2\/pages\/40987\/revisions\/42170"}],"up":[{"embeddable":true,"href":"https:\/\/www.vanin.be\/fr\/wp-json\/wp\/v2\/pages\/32830"}],"wp:attachment":[{"href":"https:\/\/www.vanin.be\/fr\/wp-json\/wp\/v2\/media?parent=40987"}],"curies":[{"name":"wp","href":"https:\/\/api.w.org\/{rel}","templated":true}]}}