{"id":47955,"date":"2024-08-02T06:47:55","date_gmt":"2024-08-02T06:47:55","guid":{"rendered":"https:\/\/www.vanin.be\/secondaire\/outils-numeriques\/udiddit\/acces-copy\/"},"modified":"2025-01-31T09:49:58","modified_gmt":"2025-01-31T09:49:58","slug":"acces","status":"publish","type":"page","link":"https:\/\/www.vanin.be\/fr\/secondaire\/outils-numeriques\/ididdit\/acces\/","title":{"rendered":"Acc\u00e8s et activation"},"content":{"rendered":"","protected":false},"excerpt":{"rendered":"","protected":false},"author":30,"featured_media":40482,"parent":40480,"menu_order":0,"comment_status":"closed","ping_status":"closed","template":"","meta":{"_acf_changed":false,"footnotes":""},"acf":[],"yoast_head":"<!-- This site is optimized with the Yoast SEO Premium plugin v22.8 (Yoast SEO v22.8) - https:\/\/yoast.com\/wordpress\/plugins\/seo\/ -->\n<title>Acc\u00e8s et activation - VAN IN<\/title>\n<meta name=\"description\" content=\"D\u00e9couvrez comment proc\u00e9der pour activer votre acc\u00e8s \u00e0 iDiddit, notre nouvelle plateforme num\u00e9rique pour l&#039;enseignement secondaire.\" \/>\n<meta name=\"robots\" content=\"index, follow, max-snippet:-1, max-image-preview:large, max-video-preview:-1\" \/>\n<link rel=\"canonical\" href=\"https:\/\/www.vanin.be\/fr\/secondaire\/outils-numeriques\/ididdit\/acces\/\" \/>\n<meta property=\"og:locale\" content=\"fr_FR\" \/>\n<meta property=\"og:type\" content=\"article\" \/>\n<meta property=\"og:title\" content=\"Acc\u00e8s et activation\" \/>\n<meta property=\"og:description\" content=\"D\u00e9couvrez comment proc\u00e9der pour activer votre acc\u00e8s \u00e0 iDiddit, notre nouvelle plateforme num\u00e9rique pour l&#039;enseignement secondaire.\" \/>\n<meta property=\"og:url\" content=\"https:\/\/www.vanin.be\/fr\/secondaire\/outils-numeriques\/ididdit\/acces\/\" \/>\n<meta property=\"og:site_name\" content=\"VAN IN\" \/>\n<meta property=\"article:publisher\" content=\"https:\/\/www.facebook.com\/uitgeverijvanin\" \/>\n<meta property=\"article:modified_time\" content=\"2025-01-31T09:49:58+00:00\" \/>\n<meta property=\"og:image\" content=\"https:\/\/www.vanin.be\/wp-content\/uploads\/2024\/02\/iDiddit-logo-CMYK.png\" \/>\n\t<meta property=\"og:image:width\" content=\"1245\" \/>\n\t<meta property=\"og:image:height\" content=\"581\" \/>\n\t<meta property=\"og:image:type\" content=\"image\/png\" \/>\n<meta name=\"twitter:card\" content=\"summary_large_image\" \/>\n<meta name=\"twitter:site\" content=\"@UitgeverijVanIn\" \/>\n<script type=\"application\/ld+json\" class=\"yoast-schema-graph\">{\"@context\":\"https:\/\/schema.org\",\"@graph\":[{\"@type\":\"WebPage\",\"@id\":\"https:\/\/www.vanin.be\/fr\/secondaire\/outils-numeriques\/ididdit\/acces\/\",\"url\":\"https:\/\/www.vanin.be\/fr\/secondaire\/outils-numeriques\/ididdit\/acces\/\",\"name\":\"Acc\u00e8s et activation - VAN IN\",\"isPartOf\":{\"@id\":\"https:\/\/www.vanin.be\/fr\/#website\"},\"primaryImageOfPage\":{\"@id\":\"https:\/\/www.vanin.be\/fr\/secondaire\/outils-numeriques\/ididdit\/acces\/#primaryimage\"},\"image\":{\"@id\":\"https:\/\/www.vanin.be\/fr\/secondaire\/outils-numeriques\/ididdit\/acces\/#primaryimage\"},\"thumbnailUrl\":\"https:\/\/www.vanin.be\/wp-content\/uploads\/2024\/02\/iDiddit-logo-CMYK.png\",\"datePublished\":\"2024-08-02T06:47:55+00:00\",\"dateModified\":\"2025-01-31T09:49:58+00:00\",\"description\":\"D\u00e9couvrez comment proc\u00e9der pour activer votre acc\u00e8s \u00e0 iDiddit, notre nouvelle plateforme num\u00e9rique pour l'enseignement secondaire.\",\"breadcrumb\":{\"@id\":\"https:\/\/www.vanin.be\/fr\/secondaire\/outils-numeriques\/ididdit\/acces\/#breadcrumb\"},\"inLanguage\":\"fr-FR\",\"potentialAction\":[{\"@type\":\"ReadAction\",\"target\":[\"https:\/\/www.vanin.be\/fr\/secondaire\/outils-numeriques\/ididdit\/acces\/\"]}]},{\"@type\":\"ImageObject\",\"inLanguage\":\"fr-FR\",\"@id\":\"https:\/\/www.vanin.be\/fr\/secondaire\/outils-numeriques\/ididdit\/acces\/#primaryimage\",\"url\":\"https:\/\/www.vanin.be\/wp-content\/uploads\/2024\/02\/iDiddit-logo-CMYK.png\",\"contentUrl\":\"https:\/\/www.vanin.be\/wp-content\/uploads\/2024\/02\/iDiddit-logo-CMYK.png\",\"width\":1245,\"height\":581},{\"@type\":\"BreadcrumbList\",\"@id\":\"https:\/\/www.vanin.be\/fr\/secondaire\/outils-numeriques\/ididdit\/acces\/#breadcrumb\",\"itemListElement\":[{\"@type\":\"ListItem\",\"position\":1,\"name\":\"Home\",\"item\":\"https:\/\/www.vanin.be\/fr\/\"},{\"@type\":\"ListItem\",\"position\":2,\"name\":\"Enseignement secondaire\",\"item\":\"https:\/\/www.vanin.be\/fr\/secondaire\/\"},{\"@type\":\"ListItem\",\"position\":3,\"name\":\"Outils num\u00e9riques\",\"item\":\"https:\/\/www.vanin.be\/fr\/secondaire\/outils-numeriques\/\"},{\"@type\":\"ListItem\",\"position\":4,\"name\":\"iDiddit\",\"item\":\"https:\/\/www.vanin.be\/fr\/secondaire\/outils-numeriques\/ididdit\/\"},{\"@type\":\"ListItem\",\"position\":5,\"name\":\"Acc\u00e8s et activation\"}]},{\"@type\":\"WebSite\",\"@id\":\"https:\/\/www.vanin.be\/fr\/#website\",\"url\":\"https:\/\/www.vanin.be\/fr\/\",\"name\":\"VAN IN\",\"description\":\"VAN IN\",\"publisher\":{\"@id\":\"https:\/\/www.vanin.be\/fr\/#organization\"},\"potentialAction\":[{\"@type\":\"SearchAction\",\"target\":{\"@type\":\"EntryPoint\",\"urlTemplate\":\"https:\/\/www.vanin.be\/fr\/?s={search_term_string}\"},\"query-input\":\"required name=search_term_string\"}],\"inLanguage\":\"fr-FR\"},{\"@type\":\"Organization\",\"@id\":\"https:\/\/www.vanin.be\/fr\/#organization\",\"name\":\"Uitgeverij VAN IN\",\"alternateName\":\"VAN IN\",\"url\":\"https:\/\/www.vanin.be\/fr\/\",\"logo\":{\"@type\":\"ImageObject\",\"inLanguage\":\"fr-FR\",\"@id\":\"https:\/\/www.vanin.be\/fr\/#\/schema\/logo\/image\/\",\"url\":\"https:\/\/www.vanin.be\/wp-content\/uploads\/2025\/01\/VANIN_logo_corporate_FullColor_pos.png\",\"contentUrl\":\"https:\/\/www.vanin.be\/wp-content\/uploads\/2025\/01\/VANIN_logo_corporate_FullColor_pos.png\",\"width\":4246,\"height\":1168,\"caption\":\"Uitgeverij VAN IN\"},\"image\":{\"@id\":\"https:\/\/www.vanin.be\/fr\/#\/schema\/logo\/image\/\"},\"sameAs\":[\"https:\/\/www.facebook.com\/uitgeverijvanin\",\"https:\/\/x.com\/UitgeverijVanIn\",\"https:\/\/www.youtube.com\/uitgeverijvanin\",\"https:\/\/www.linkedin.com\/company\/uitgeverij-van-in\"]}]}<\/script>\n<!-- \/ Yoast SEO Premium plugin. -->","yoast_head_json":{"title":"Acc\u00e8s et activation - VAN IN","description":"D\u00e9couvrez comment proc\u00e9der pour activer votre acc\u00e8s \u00e0 iDiddit, notre nouvelle plateforme num\u00e9rique pour l'enseignement secondaire.","robots":{"index":"index","follow":"follow","max-snippet":"max-snippet:-1","max-image-preview":"max-image-preview:large","max-video-preview":"max-video-preview:-1"},"canonical":"https:\/\/www.vanin.be\/fr\/secondaire\/outils-numeriques\/ididdit\/acces\/","og_locale":"fr_FR","og_type":"article","og_title":"Acc\u00e8s et activation","og_description":"D\u00e9couvrez comment proc\u00e9der pour activer votre acc\u00e8s \u00e0 iDiddit, notre nouvelle plateforme num\u00e9rique pour l'enseignement secondaire.","og_url":"https:\/\/www.vanin.be\/fr\/secondaire\/outils-numeriques\/ididdit\/acces\/","og_site_name":"VAN IN","article_publisher":"https:\/\/www.facebook.com\/uitgeverijvanin","article_modified_time":"2025-01-31T09:49:58+00:00","og_image":[{"width":1245,"height":581,"url":"https:\/\/www.vanin.be\/wp-content\/uploads\/2024\/02\/iDiddit-logo-CMYK.png","type":"image\/png"}],"twitter_card":"summary_large_image","twitter_site":"@UitgeverijVanIn","schema":{"@context":"https:\/\/schema.org","@graph":[{"@type":"WebPage","@id":"https:\/\/www.vanin.be\/fr\/secondaire\/outils-numeriques\/ididdit\/acces\/","url":"https:\/\/www.vanin.be\/fr\/secondaire\/outils-numeriques\/ididdit\/acces\/","name":"Acc\u00e8s et activation - VAN IN","isPartOf":{"@id":"https:\/\/www.vanin.be\/fr\/#website"},"primaryImageOfPage":{"@id":"https:\/\/www.vanin.be\/fr\/secondaire\/outils-numeriques\/ididdit\/acces\/#primaryimage"},"image":{"@id":"https:\/\/www.vanin.be\/fr\/secondaire\/outils-numeriques\/ididdit\/acces\/#primaryimage"},"thumbnailUrl":"https:\/\/www.vanin.be\/wp-content\/uploads\/2024\/02\/iDiddit-logo-CMYK.png","datePublished":"2024-08-02T06:47:55+00:00","dateModified":"2025-01-31T09:49:58+00:00","description":"D\u00e9couvrez comment proc\u00e9der pour activer votre acc\u00e8s \u00e0 iDiddit, notre nouvelle plateforme num\u00e9rique pour l'enseignement secondaire.","breadcrumb":{"@id":"https:\/\/www.vanin.be\/fr\/secondaire\/outils-numeriques\/ididdit\/acces\/#breadcrumb"},"inLanguage":"fr-FR","potentialAction":[{"@type":"ReadAction","target":["https:\/\/www.vanin.be\/fr\/secondaire\/outils-numeriques\/ididdit\/acces\/"]}]},{"@type":"ImageObject","inLanguage":"fr-FR","@id":"https:\/\/www.vanin.be\/fr\/secondaire\/outils-numeriques\/ididdit\/acces\/#primaryimage","url":"https:\/\/www.vanin.be\/wp-content\/uploads\/2024\/02\/iDiddit-logo-CMYK.png","contentUrl":"https:\/\/www.vanin.be\/wp-content\/uploads\/2024\/02\/iDiddit-logo-CMYK.png","width":1245,"height":581},{"@type":"BreadcrumbList","@id":"https:\/\/www.vanin.be\/fr\/secondaire\/outils-numeriques\/ididdit\/acces\/#breadcrumb","itemListElement":[{"@type":"ListItem","position":1,"name":"Home","item":"https:\/\/www.vanin.be\/fr\/"},{"@type":"ListItem","position":2,"name":"Enseignement secondaire","item":"https:\/\/www.vanin.be\/fr\/secondaire\/"},{"@type":"ListItem","position":3,"name":"Outils num\u00e9riques","item":"https:\/\/www.vanin.be\/fr\/secondaire\/outils-numeriques\/"},{"@type":"ListItem","position":4,"name":"iDiddit","item":"https:\/\/www.vanin.be\/fr\/secondaire\/outils-numeriques\/ididdit\/"},{"@type":"ListItem","position":5,"name":"Acc\u00e8s et activation"}]},{"@type":"WebSite","@id":"https:\/\/www.vanin.be\/fr\/#website","url":"https:\/\/www.vanin.be\/fr\/","name":"VAN IN","description":"VAN IN","publisher":{"@id":"https:\/\/www.vanin.be\/fr\/#organization"},"potentialAction":[{"@type":"SearchAction","target":{"@type":"EntryPoint","urlTemplate":"https:\/\/www.vanin.be\/fr\/?s={search_term_string}"},"query-input":"required name=search_term_string"}],"inLanguage":"fr-FR"},{"@type":"Organization","@id":"https:\/\/www.vanin.be\/fr\/#organization","name":"Uitgeverij VAN IN","alternateName":"VAN IN","url":"https:\/\/www.vanin.be\/fr\/","logo":{"@type":"ImageObject","inLanguage":"fr-FR","@id":"https:\/\/www.vanin.be\/fr\/#\/schema\/logo\/image\/","url":"https:\/\/www.vanin.be\/wp-content\/uploads\/2025\/01\/VANIN_logo_corporate_FullColor_pos.png","contentUrl":"https:\/\/www.vanin.be\/wp-content\/uploads\/2025\/01\/VANIN_logo_corporate_FullColor_pos.png","width":4246,"height":1168,"caption":"Uitgeverij VAN IN"},"image":{"@id":"https:\/\/www.vanin.be\/fr\/#\/schema\/logo\/image\/"},"sameAs":["https:\/\/www.facebook.com\/uitgeverijvanin","https:\/\/x.com\/UitgeverijVanIn","https:\/\/www.youtube.com\/uitgeverijvanin","https:\/\/www.linkedin.com\/company\/uitgeverij-van-in"]}]}},"_links":{"self":[{"href":"https:\/\/www.vanin.be\/fr\/wp-json\/wp\/v2\/pages\/47955"}],"collection":[{"href":"https:\/\/www.vanin.be\/fr\/wp-json\/wp\/v2\/pages"}],"about":[{"href":"https:\/\/www.vanin.be\/fr\/wp-json\/wp\/v2\/types\/page"}],"author":[{"embeddable":true,"href":"https:\/\/www.vanin.be\/fr\/wp-json\/wp\/v2\/users\/30"}],"replies":[{"embeddable":true,"href":"https:\/\/www.vanin.be\/fr\/wp-json\/wp\/v2\/comments?post=47955"}],"version-history":[{"count":15,"href":"https:\/\/www.vanin.be\/fr\/wp-json\/wp\/v2\/pages\/47955\/revisions"}],"predecessor-version":[{"id":53731,"href":"https:\/\/www.vanin.be\/fr\/wp-json\/wp\/v2\/pages\/47955\/revisions\/53731"}],"up":[{"embeddable":true,"href":"https:\/\/www.vanin.be\/fr\/wp-json\/wp\/v2\/pages\/40480"}],"wp:featuredmedia":[{"embeddable":true,"href":"https:\/\/www.vanin.be\/fr\/wp-json\/wp\/v2\/media\/40482"}],"wp:attachment":[{"href":"https:\/\/www.vanin.be\/fr\/wp-json\/wp\/v2\/media?parent=47955"}],"curies":[{"name":"wp","href":"https:\/\/api.w.org\/{rel}","templated":true}]}}