{"id":47973,"date":"2024-08-02T07:29:13","date_gmt":"2024-08-02T07:29:13","guid":{"rendered":"https:\/\/www.vanin.be\/secondaire\/outils-numeriques\/udiddit\/aide-copy\/"},"modified":"2025-10-02T15:02:47","modified_gmt":"2025-10-02T15:02:47","slug":"aide","status":"publish","type":"page","link":"https:\/\/www.vanin.be\/fr\/secondaire\/outils-numeriques\/ididdit\/aide\/","title":{"rendered":"Aide"},"content":{"rendered":"","protected":false},"excerpt":{"rendered":"","protected":false},"author":30,"featured_media":40484,"parent":40480,"menu_order":0,"comment_status":"closed","ping_status":"closed","template":"","meta":{"_acf_changed":false,"footnotes":""},"acf":[],"yoast_head":"<!-- This site is optimized with the Yoast SEO Premium plugin v22.8 (Yoast SEO v22.8) - https:\/\/yoast.com\/wordpress\/plugins\/seo\/ -->\n<title>Aide - VAN IN<\/title>\n<meta name=\"description\" content=\"Nos modes d&#039;emploi et nos tutoriels vid\u00e9o vous accompagnent pas \u00e0 pas pour utiliser notre nouvelle plateforme num\u00e9rique iDiddit.\" \/>\n<meta name=\"robots\" content=\"index, follow, max-snippet:-1, max-image-preview:large, max-video-preview:-1\" \/>\n<link rel=\"canonical\" href=\"https:\/\/www.vanin.be\/fr\/secondaire\/outils-numeriques\/ididdit\/aide\/\" \/>\n<meta property=\"og:locale\" content=\"fr_FR\" \/>\n<meta property=\"og:type\" content=\"article\" \/>\n<meta property=\"og:title\" content=\"Aide\" \/>\n<meta property=\"og:description\" content=\"Nos modes d&#039;emploi et nos tutoriels vid\u00e9o vous accompagnent pas \u00e0 pas pour utiliser notre nouvelle plateforme num\u00e9rique iDiddit.\" \/>\n<meta property=\"og:url\" content=\"https:\/\/www.vanin.be\/fr\/secondaire\/outils-numeriques\/ididdit\/aide\/\" \/>\n<meta property=\"og:site_name\" content=\"VAN IN\" \/>\n<meta property=\"article:publisher\" content=\"https:\/\/www.facebook.com\/uitgeverijvanin\" \/>\n<meta property=\"article:modified_time\" content=\"2025-10-02T15:02:47+00:00\" \/>\n<meta property=\"og:image\" content=\"https:\/\/www.vanin.be\/wp-content\/uploads\/2024\/02\/iDiddit-logo-RGB.png\" \/>\n\t<meta property=\"og:image:width\" content=\"2000\" \/>\n\t<meta property=\"og:image:height\" content=\"933\" \/>\n\t<meta property=\"og:image:type\" content=\"image\/png\" \/>\n<meta name=\"twitter:card\" content=\"summary_large_image\" \/>\n<meta name=\"twitter:site\" content=\"@UitgeverijVanIn\" \/>\n<script type=\"application\/ld+json\" class=\"yoast-schema-graph\">{\"@context\":\"https:\/\/schema.org\",\"@graph\":[{\"@type\":\"WebPage\",\"@id\":\"https:\/\/www.vanin.be\/fr\/secondaire\/outils-numeriques\/ididdit\/aide\/\",\"url\":\"https:\/\/www.vanin.be\/fr\/secondaire\/outils-numeriques\/ididdit\/aide\/\",\"name\":\"Aide - VAN IN\",\"isPartOf\":{\"@id\":\"https:\/\/www.vanin.be\/fr\/#website\"},\"primaryImageOfPage\":{\"@id\":\"https:\/\/www.vanin.be\/fr\/secondaire\/outils-numeriques\/ididdit\/aide\/#primaryimage\"},\"image\":{\"@id\":\"https:\/\/www.vanin.be\/fr\/secondaire\/outils-numeriques\/ididdit\/aide\/#primaryimage\"},\"thumbnailUrl\":\"https:\/\/www.vanin.be\/wp-content\/uploads\/2024\/02\/iDiddit-logo-RGB.png\",\"datePublished\":\"2024-08-02T07:29:13+00:00\",\"dateModified\":\"2025-10-02T15:02:47+00:00\",\"description\":\"Nos modes d'emploi et nos tutoriels vid\u00e9o vous accompagnent pas \u00e0 pas pour utiliser notre nouvelle plateforme num\u00e9rique iDiddit.\",\"breadcrumb\":{\"@id\":\"https:\/\/www.vanin.be\/fr\/secondaire\/outils-numeriques\/ididdit\/aide\/#breadcrumb\"},\"inLanguage\":\"fr-FR\",\"potentialAction\":[{\"@type\":\"ReadAction\",\"target\":[\"https:\/\/www.vanin.be\/fr\/secondaire\/outils-numeriques\/ididdit\/aide\/\"]}]},{\"@type\":\"ImageObject\",\"inLanguage\":\"fr-FR\",\"@id\":\"https:\/\/www.vanin.be\/fr\/secondaire\/outils-numeriques\/ididdit\/aide\/#primaryimage\",\"url\":\"https:\/\/www.vanin.be\/wp-content\/uploads\/2024\/02\/iDiddit-logo-RGB.png\",\"contentUrl\":\"https:\/\/www.vanin.be\/wp-content\/uploads\/2024\/02\/iDiddit-logo-RGB.png\",\"width\":2000,\"height\":933},{\"@type\":\"BreadcrumbList\",\"@id\":\"https:\/\/www.vanin.be\/fr\/secondaire\/outils-numeriques\/ididdit\/aide\/#breadcrumb\",\"itemListElement\":[{\"@type\":\"ListItem\",\"position\":1,\"name\":\"Home\",\"item\":\"https:\/\/www.vanin.be\/fr\/\"},{\"@type\":\"ListItem\",\"position\":2,\"name\":\"Enseignement secondaire\",\"item\":\"https:\/\/www.vanin.be\/fr\/secondaire\/\"},{\"@type\":\"ListItem\",\"position\":3,\"name\":\"Outils num\u00e9riques\",\"item\":\"https:\/\/www.vanin.be\/fr\/secondaire\/outils-numeriques\/\"},{\"@type\":\"ListItem\",\"position\":4,\"name\":\"iDiddit\",\"item\":\"https:\/\/www.vanin.be\/fr\/secondaire\/outils-numeriques\/ididdit\/\"},{\"@type\":\"ListItem\",\"position\":5,\"name\":\"Aide\"}]},{\"@type\":\"WebSite\",\"@id\":\"https:\/\/www.vanin.be\/fr\/#website\",\"url\":\"https:\/\/www.vanin.be\/fr\/\",\"name\":\"VAN IN\",\"description\":\"VAN IN\",\"publisher\":{\"@id\":\"https:\/\/www.vanin.be\/fr\/#organization\"},\"potentialAction\":[{\"@type\":\"SearchAction\",\"target\":{\"@type\":\"EntryPoint\",\"urlTemplate\":\"https:\/\/www.vanin.be\/fr\/?s={search_term_string}\"},\"query-input\":\"required name=search_term_string\"}],\"inLanguage\":\"fr-FR\"},{\"@type\":\"Organization\",\"@id\":\"https:\/\/www.vanin.be\/fr\/#organization\",\"name\":\"Uitgeverij VAN IN\",\"alternateName\":\"VAN IN\",\"url\":\"https:\/\/www.vanin.be\/fr\/\",\"logo\":{\"@type\":\"ImageObject\",\"inLanguage\":\"fr-FR\",\"@id\":\"https:\/\/www.vanin.be\/fr\/#\/schema\/logo\/image\/\",\"url\":\"https:\/\/www.vanin.be\/wp-content\/uploads\/2025\/01\/VANIN_logo_corporate_FullColor_pos.png\",\"contentUrl\":\"https:\/\/www.vanin.be\/wp-content\/uploads\/2025\/01\/VANIN_logo_corporate_FullColor_pos.png\",\"width\":4246,\"height\":1168,\"caption\":\"Uitgeverij VAN IN\"},\"image\":{\"@id\":\"https:\/\/www.vanin.be\/fr\/#\/schema\/logo\/image\/\"},\"sameAs\":[\"https:\/\/www.facebook.com\/uitgeverijvanin\",\"https:\/\/x.com\/UitgeverijVanIn\",\"https:\/\/www.youtube.com\/uitgeverijvanin\",\"https:\/\/www.linkedin.com\/company\/uitgeverij-van-in\"]}]}<\/script>\n<!-- \/ Yoast SEO Premium plugin. -->","yoast_head_json":{"title":"Aide - VAN IN","description":"Nos modes d'emploi et nos tutoriels vid\u00e9o vous accompagnent pas \u00e0 pas pour utiliser notre nouvelle plateforme num\u00e9rique iDiddit.","robots":{"index":"index","follow":"follow","max-snippet":"max-snippet:-1","max-image-preview":"max-image-preview:large","max-video-preview":"max-video-preview:-1"},"canonical":"https:\/\/www.vanin.be\/fr\/secondaire\/outils-numeriques\/ididdit\/aide\/","og_locale":"fr_FR","og_type":"article","og_title":"Aide","og_description":"Nos modes d'emploi et nos tutoriels vid\u00e9o vous accompagnent pas \u00e0 pas pour utiliser notre nouvelle plateforme num\u00e9rique iDiddit.","og_url":"https:\/\/www.vanin.be\/fr\/secondaire\/outils-numeriques\/ididdit\/aide\/","og_site_name":"VAN IN","article_publisher":"https:\/\/www.facebook.com\/uitgeverijvanin","article_modified_time":"2025-10-02T15:02:47+00:00","og_image":[{"width":2000,"height":933,"url":"https:\/\/www.vanin.be\/wp-content\/uploads\/2024\/02\/iDiddit-logo-RGB.png","type":"image\/png"}],"twitter_card":"summary_large_image","twitter_site":"@UitgeverijVanIn","schema":{"@context":"https:\/\/schema.org","@graph":[{"@type":"WebPage","@id":"https:\/\/www.vanin.be\/fr\/secondaire\/outils-numeriques\/ididdit\/aide\/","url":"https:\/\/www.vanin.be\/fr\/secondaire\/outils-numeriques\/ididdit\/aide\/","name":"Aide - VAN IN","isPartOf":{"@id":"https:\/\/www.vanin.be\/fr\/#website"},"primaryImageOfPage":{"@id":"https:\/\/www.vanin.be\/fr\/secondaire\/outils-numeriques\/ididdit\/aide\/#primaryimage"},"image":{"@id":"https:\/\/www.vanin.be\/fr\/secondaire\/outils-numeriques\/ididdit\/aide\/#primaryimage"},"thumbnailUrl":"https:\/\/www.vanin.be\/wp-content\/uploads\/2024\/02\/iDiddit-logo-RGB.png","datePublished":"2024-08-02T07:29:13+00:00","dateModified":"2025-10-02T15:02:47+00:00","description":"Nos modes d'emploi et nos tutoriels vid\u00e9o vous accompagnent pas \u00e0 pas pour utiliser notre nouvelle plateforme num\u00e9rique iDiddit.","breadcrumb":{"@id":"https:\/\/www.vanin.be\/fr\/secondaire\/outils-numeriques\/ididdit\/aide\/#breadcrumb"},"inLanguage":"fr-FR","potentialAction":[{"@type":"ReadAction","target":["https:\/\/www.vanin.be\/fr\/secondaire\/outils-numeriques\/ididdit\/aide\/"]}]},{"@type":"ImageObject","inLanguage":"fr-FR","@id":"https:\/\/www.vanin.be\/fr\/secondaire\/outils-numeriques\/ididdit\/aide\/#primaryimage","url":"https:\/\/www.vanin.be\/wp-content\/uploads\/2024\/02\/iDiddit-logo-RGB.png","contentUrl":"https:\/\/www.vanin.be\/wp-content\/uploads\/2024\/02\/iDiddit-logo-RGB.png","width":2000,"height":933},{"@type":"BreadcrumbList","@id":"https:\/\/www.vanin.be\/fr\/secondaire\/outils-numeriques\/ididdit\/aide\/#breadcrumb","itemListElement":[{"@type":"ListItem","position":1,"name":"Home","item":"https:\/\/www.vanin.be\/fr\/"},{"@type":"ListItem","position":2,"name":"Enseignement secondaire","item":"https:\/\/www.vanin.be\/fr\/secondaire\/"},{"@type":"ListItem","position":3,"name":"Outils num\u00e9riques","item":"https:\/\/www.vanin.be\/fr\/secondaire\/outils-numeriques\/"},{"@type":"ListItem","position":4,"name":"iDiddit","item":"https:\/\/www.vanin.be\/fr\/secondaire\/outils-numeriques\/ididdit\/"},{"@type":"ListItem","position":5,"name":"Aide"}]},{"@type":"WebSite","@id":"https:\/\/www.vanin.be\/fr\/#website","url":"https:\/\/www.vanin.be\/fr\/","name":"VAN IN","description":"VAN IN","publisher":{"@id":"https:\/\/www.vanin.be\/fr\/#organization"},"potentialAction":[{"@type":"SearchAction","target":{"@type":"EntryPoint","urlTemplate":"https:\/\/www.vanin.be\/fr\/?s={search_term_string}"},"query-input":"required name=search_term_string"}],"inLanguage":"fr-FR"},{"@type":"Organization","@id":"https:\/\/www.vanin.be\/fr\/#organization","name":"Uitgeverij VAN IN","alternateName":"VAN IN","url":"https:\/\/www.vanin.be\/fr\/","logo":{"@type":"ImageObject","inLanguage":"fr-FR","@id":"https:\/\/www.vanin.be\/fr\/#\/schema\/logo\/image\/","url":"https:\/\/www.vanin.be\/wp-content\/uploads\/2025\/01\/VANIN_logo_corporate_FullColor_pos.png","contentUrl":"https:\/\/www.vanin.be\/wp-content\/uploads\/2025\/01\/VANIN_logo_corporate_FullColor_pos.png","width":4246,"height":1168,"caption":"Uitgeverij VAN IN"},"image":{"@id":"https:\/\/www.vanin.be\/fr\/#\/schema\/logo\/image\/"},"sameAs":["https:\/\/www.facebook.com\/uitgeverijvanin","https:\/\/x.com\/UitgeverijVanIn","https:\/\/www.youtube.com\/uitgeverijvanin","https:\/\/www.linkedin.com\/company\/uitgeverij-van-in"]}]}},"_links":{"self":[{"href":"https:\/\/www.vanin.be\/fr\/wp-json\/wp\/v2\/pages\/47973"}],"collection":[{"href":"https:\/\/www.vanin.be\/fr\/wp-json\/wp\/v2\/pages"}],"about":[{"href":"https:\/\/www.vanin.be\/fr\/wp-json\/wp\/v2\/types\/page"}],"author":[{"embeddable":true,"href":"https:\/\/www.vanin.be\/fr\/wp-json\/wp\/v2\/users\/30"}],"replies":[{"embeddable":true,"href":"https:\/\/www.vanin.be\/fr\/wp-json\/wp\/v2\/comments?post=47973"}],"version-history":[{"count":10,"href":"https:\/\/www.vanin.be\/fr\/wp-json\/wp\/v2\/pages\/47973\/revisions"}],"predecessor-version":[{"id":60759,"href":"https:\/\/www.vanin.be\/fr\/wp-json\/wp\/v2\/pages\/47973\/revisions\/60759"}],"up":[{"embeddable":true,"href":"https:\/\/www.vanin.be\/fr\/wp-json\/wp\/v2\/pages\/40480"}],"wp:featuredmedia":[{"embeddable":true,"href":"https:\/\/www.vanin.be\/fr\/wp-json\/wp\/v2\/media\/40484"}],"wp:attachment":[{"href":"https:\/\/www.vanin.be\/fr\/wp-json\/wp\/v2\/media?parent=47973"}],"curies":[{"name":"wp","href":"https:\/\/api.w.org\/{rel}","templated":true}]}}