{"id":58106,"date":"2025-07-10T18:11:41","date_gmt":"2025-07-10T18:11:41","guid":{"rendered":"https:\/\/www.vanin.be\/methodespacte-copy\/"},"modified":"2026-04-14T14:25:51","modified_gmt":"2026-04-14T14:25:51","slug":"visees-transversales","status":"publish","type":"page","link":"https:\/\/www.vanin.be\/fr\/secondaire\/pactedexcellencesecondaire\/visees-transversales\/","title":{"rendered":"Vis\u00e9es transversales"},"content":{"rendered":"","protected":false},"excerpt":{"rendered":"","protected":false},"author":30,"featured_media":0,"parent":47417,"menu_order":0,"comment_status":"closed","ping_status":"closed","template":"","meta":{"_acf_changed":false,"footnotes":""},"acf":[],"yoast_head":"<!-- This site is optimized with the Yoast SEO Premium plugin v22.8 (Yoast SEO v22.8) - https:\/\/yoast.com\/wordpress\/plugins\/seo\/ -->\n<title>Vis\u00e9es transversales - VAN IN<\/title>\n<meta name=\"description\" content=\"Les vis\u00e9es transversales propos\u00e9es dans les r\u00e9f\u00e9rentiels du Pacte pour un Enseignement d&#039;excellence jouent un r\u00f4le central dans la formation des \u00e9l\u00e8ves du secondaire. Autonomie, cr\u00e9ativit\u00e9, esprit critique, engagement, esprit d&#039;entreprendre... autant de comp\u00e9tences essentielles pour relever les d\u00e9fis du 21e si\u00e8cle.\" \/>\n<meta name=\"robots\" content=\"index, follow, max-snippet:-1, max-image-preview:large, max-video-preview:-1\" \/>\n<link rel=\"canonical\" href=\"https:\/\/www.vanin.be\/fr\/secondaire\/pactedexcellencesecondaire\/visees-transversales\/\" \/>\n<meta property=\"og:locale\" content=\"fr_FR\" \/>\n<meta property=\"og:type\" content=\"article\" \/>\n<meta property=\"og:title\" content=\"Vis\u00e9es transversales\" \/>\n<meta property=\"og:description\" content=\"Les vis\u00e9es transversales propos\u00e9es dans les r\u00e9f\u00e9rentiels du Pacte pour un Enseignement d&#039;excellence jouent un r\u00f4le central dans la formation des \u00e9l\u00e8ves du secondaire. Autonomie, cr\u00e9ativit\u00e9, esprit critique, engagement, esprit d&#039;entreprendre... autant de comp\u00e9tences essentielles pour relever les d\u00e9fis du 21e si\u00e8cle.\" \/>\n<meta property=\"og:url\" content=\"https:\/\/www.vanin.be\/fr\/secondaire\/pactedexcellencesecondaire\/visees-transversales\/\" \/>\n<meta property=\"og:site_name\" content=\"VAN IN\" \/>\n<meta property=\"article:publisher\" content=\"https:\/\/www.facebook.com\/uitgeverijvanin\" \/>\n<meta property=\"article:modified_time\" content=\"2026-04-14T14:25:51+00:00\" \/>\n<meta name=\"twitter:card\" content=\"summary_large_image\" \/>\n<meta name=\"twitter:site\" content=\"@UitgeverijVanIn\" \/>\n<script type=\"application\/ld+json\" class=\"yoast-schema-graph\">{\"@context\":\"https:\/\/schema.org\",\"@graph\":[{\"@type\":\"WebPage\",\"@id\":\"https:\/\/www.vanin.be\/fr\/secondaire\/pactedexcellencesecondaire\/visees-transversales\/\",\"url\":\"https:\/\/www.vanin.be\/fr\/secondaire\/pactedexcellencesecondaire\/visees-transversales\/\",\"name\":\"Vis\u00e9es transversales - VAN IN\",\"isPartOf\":{\"@id\":\"https:\/\/www.bordboeken.be\/fr\/#website\"},\"datePublished\":\"2025-07-10T18:11:41+00:00\",\"dateModified\":\"2026-04-14T14:25:51+00:00\",\"description\":\"Les vis\u00e9es transversales propos\u00e9es dans les r\u00e9f\u00e9rentiels du Pacte pour un Enseignement d'excellence jouent un r\u00f4le central dans la formation des \u00e9l\u00e8ves du secondaire. Autonomie, cr\u00e9ativit\u00e9, esprit critique, engagement, esprit d'entreprendre... autant de comp\u00e9tences essentielles pour relever les d\u00e9fis du 21e si\u00e8cle.\",\"breadcrumb\":{\"@id\":\"https:\/\/www.vanin.be\/fr\/secondaire\/pactedexcellencesecondaire\/visees-transversales\/#breadcrumb\"},\"inLanguage\":\"fr-FR\",\"potentialAction\":[{\"@type\":\"ReadAction\",\"target\":[\"https:\/\/www.vanin.be\/fr\/secondaire\/pactedexcellencesecondaire\/visees-transversales\/\"]}]},{\"@type\":\"BreadcrumbList\",\"@id\":\"https:\/\/www.vanin.be\/fr\/secondaire\/pactedexcellencesecondaire\/visees-transversales\/#breadcrumb\",\"itemListElement\":[{\"@type\":\"ListItem\",\"position\":1,\"name\":\"Home\",\"item\":\"https:\/\/www.bordboeken.be\/fr\/\"},{\"@type\":\"ListItem\",\"position\":2,\"name\":\"Enseignement secondaire\",\"item\":\"https:\/\/www.vanin.be\/fr\/secondaire\/\"},{\"@type\":\"ListItem\",\"position\":3,\"name\":\"Pacte d&#8217;excellence secondaire\",\"item\":\"https:\/\/www.vanin.be\/fr\/secondaire\/pactedexcellencesecondaire\/\"},{\"@type\":\"ListItem\",\"position\":4,\"name\":\"Vis\u00e9es transversales\"}]},{\"@type\":\"WebSite\",\"@id\":\"https:\/\/www.bordboeken.be\/fr\/#website\",\"url\":\"https:\/\/www.bordboeken.be\/fr\/\",\"name\":\"VAN IN\",\"description\":\"VAN IN\",\"publisher\":{\"@id\":\"https:\/\/www.bordboeken.be\/fr\/#organization\"},\"potentialAction\":[{\"@type\":\"SearchAction\",\"target\":{\"@type\":\"EntryPoint\",\"urlTemplate\":\"https:\/\/www.bordboeken.be\/fr\/?s={search_term_string}\"},\"query-input\":\"required name=search_term_string\"}],\"inLanguage\":\"fr-FR\"},{\"@type\":\"Organization\",\"@id\":\"https:\/\/www.bordboeken.be\/fr\/#organization\",\"name\":\"Uitgeverij VAN IN\",\"alternateName\":\"VAN IN\",\"url\":\"https:\/\/www.bordboeken.be\/fr\/\",\"logo\":{\"@type\":\"ImageObject\",\"inLanguage\":\"fr-FR\",\"@id\":\"https:\/\/www.bordboeken.be\/fr\/#\/schema\/logo\/image\/\",\"url\":\"https:\/\/www.vanin.be\/wp-content\/uploads\/2025\/01\/VANIN_logo_corporate_FullColor_pos.png\",\"contentUrl\":\"https:\/\/www.vanin.be\/wp-content\/uploads\/2025\/01\/VANIN_logo_corporate_FullColor_pos.png\",\"width\":4246,\"height\":1168,\"caption\":\"Uitgeverij VAN IN\"},\"image\":{\"@id\":\"https:\/\/www.bordboeken.be\/fr\/#\/schema\/logo\/image\/\"},\"sameAs\":[\"https:\/\/www.facebook.com\/uitgeverijvanin\",\"https:\/\/x.com\/UitgeverijVanIn\",\"https:\/\/www.youtube.com\/uitgeverijvanin\",\"https:\/\/www.linkedin.com\/company\/uitgeverij-van-in\"]}]}<\/script>\n<!-- \/ Yoast SEO Premium plugin. -->","yoast_head_json":{"title":"Vis\u00e9es transversales - VAN IN","description":"Les vis\u00e9es transversales propos\u00e9es dans les r\u00e9f\u00e9rentiels du Pacte pour un Enseignement d'excellence jouent un r\u00f4le central dans la formation des \u00e9l\u00e8ves du secondaire. Autonomie, cr\u00e9ativit\u00e9, esprit critique, engagement, esprit d'entreprendre... autant de comp\u00e9tences essentielles pour relever les d\u00e9fis du 21e si\u00e8cle.","robots":{"index":"index","follow":"follow","max-snippet":"max-snippet:-1","max-image-preview":"max-image-preview:large","max-video-preview":"max-video-preview:-1"},"canonical":"https:\/\/www.vanin.be\/fr\/secondaire\/pactedexcellencesecondaire\/visees-transversales\/","og_locale":"fr_FR","og_type":"article","og_title":"Vis\u00e9es transversales","og_description":"Les vis\u00e9es transversales propos\u00e9es dans les r\u00e9f\u00e9rentiels du Pacte pour un Enseignement d'excellence jouent un r\u00f4le central dans la formation des \u00e9l\u00e8ves du secondaire. Autonomie, cr\u00e9ativit\u00e9, esprit critique, engagement, esprit d'entreprendre... autant de comp\u00e9tences essentielles pour relever les d\u00e9fis du 21e si\u00e8cle.","og_url":"https:\/\/www.vanin.be\/fr\/secondaire\/pactedexcellencesecondaire\/visees-transversales\/","og_site_name":"VAN IN","article_publisher":"https:\/\/www.facebook.com\/uitgeverijvanin","article_modified_time":"2026-04-14T14:25:51+00:00","twitter_card":"summary_large_image","twitter_site":"@UitgeverijVanIn","schema":{"@context":"https:\/\/schema.org","@graph":[{"@type":"WebPage","@id":"https:\/\/www.vanin.be\/fr\/secondaire\/pactedexcellencesecondaire\/visees-transversales\/","url":"https:\/\/www.vanin.be\/fr\/secondaire\/pactedexcellencesecondaire\/visees-transversales\/","name":"Vis\u00e9es transversales - VAN IN","isPartOf":{"@id":"https:\/\/www.bordboeken.be\/fr\/#website"},"datePublished":"2025-07-10T18:11:41+00:00","dateModified":"2026-04-14T14:25:51+00:00","description":"Les vis\u00e9es transversales propos\u00e9es dans les r\u00e9f\u00e9rentiels du Pacte pour un Enseignement d'excellence jouent un r\u00f4le central dans la formation des \u00e9l\u00e8ves du secondaire. Autonomie, cr\u00e9ativit\u00e9, esprit critique, engagement, esprit d'entreprendre... autant de comp\u00e9tences essentielles pour relever les d\u00e9fis du 21e si\u00e8cle.","breadcrumb":{"@id":"https:\/\/www.vanin.be\/fr\/secondaire\/pactedexcellencesecondaire\/visees-transversales\/#breadcrumb"},"inLanguage":"fr-FR","potentialAction":[{"@type":"ReadAction","target":["https:\/\/www.vanin.be\/fr\/secondaire\/pactedexcellencesecondaire\/visees-transversales\/"]}]},{"@type":"BreadcrumbList","@id":"https:\/\/www.vanin.be\/fr\/secondaire\/pactedexcellencesecondaire\/visees-transversales\/#breadcrumb","itemListElement":[{"@type":"ListItem","position":1,"name":"Home","item":"https:\/\/www.bordboeken.be\/fr\/"},{"@type":"ListItem","position":2,"name":"Enseignement secondaire","item":"https:\/\/www.vanin.be\/fr\/secondaire\/"},{"@type":"ListItem","position":3,"name":"Pacte d&#8217;excellence secondaire","item":"https:\/\/www.vanin.be\/fr\/secondaire\/pactedexcellencesecondaire\/"},{"@type":"ListItem","position":4,"name":"Vis\u00e9es transversales"}]},{"@type":"WebSite","@id":"https:\/\/www.bordboeken.be\/fr\/#website","url":"https:\/\/www.bordboeken.be\/fr\/","name":"VAN IN","description":"VAN IN","publisher":{"@id":"https:\/\/www.bordboeken.be\/fr\/#organization"},"potentialAction":[{"@type":"SearchAction","target":{"@type":"EntryPoint","urlTemplate":"https:\/\/www.bordboeken.be\/fr\/?s={search_term_string}"},"query-input":"required name=search_term_string"}],"inLanguage":"fr-FR"},{"@type":"Organization","@id":"https:\/\/www.bordboeken.be\/fr\/#organization","name":"Uitgeverij VAN IN","alternateName":"VAN IN","url":"https:\/\/www.bordboeken.be\/fr\/","logo":{"@type":"ImageObject","inLanguage":"fr-FR","@id":"https:\/\/www.bordboeken.be\/fr\/#\/schema\/logo\/image\/","url":"https:\/\/www.vanin.be\/wp-content\/uploads\/2025\/01\/VANIN_logo_corporate_FullColor_pos.png","contentUrl":"https:\/\/www.vanin.be\/wp-content\/uploads\/2025\/01\/VANIN_logo_corporate_FullColor_pos.png","width":4246,"height":1168,"caption":"Uitgeverij VAN IN"},"image":{"@id":"https:\/\/www.bordboeken.be\/fr\/#\/schema\/logo\/image\/"},"sameAs":["https:\/\/www.facebook.com\/uitgeverijvanin","https:\/\/x.com\/UitgeverijVanIn","https:\/\/www.youtube.com\/uitgeverijvanin","https:\/\/www.linkedin.com\/company\/uitgeverij-van-in"]}]}},"_links":{"self":[{"href":"https:\/\/www.vanin.be\/fr\/wp-json\/wp\/v2\/pages\/58106"}],"collection":[{"href":"https:\/\/www.vanin.be\/fr\/wp-json\/wp\/v2\/pages"}],"about":[{"href":"https:\/\/www.vanin.be\/fr\/wp-json\/wp\/v2\/types\/page"}],"author":[{"embeddable":true,"href":"https:\/\/www.vanin.be\/fr\/wp-json\/wp\/v2\/users\/30"}],"replies":[{"embeddable":true,"href":"https:\/\/www.vanin.be\/fr\/wp-json\/wp\/v2\/comments?post=58106"}],"version-history":[{"count":71,"href":"https:\/\/www.vanin.be\/fr\/wp-json\/wp\/v2\/pages\/58106\/revisions"}],"predecessor-version":[{"id":67190,"href":"https:\/\/www.vanin.be\/fr\/wp-json\/wp\/v2\/pages\/58106\/revisions\/67190"}],"up":[{"embeddable":true,"href":"https:\/\/www.vanin.be\/fr\/wp-json\/wp\/v2\/pages\/47417"}],"wp:attachment":[{"href":"https:\/\/www.vanin.be\/fr\/wp-json\/wp\/v2\/media?parent=58106"}],"curies":[{"name":"wp","href":"https:\/\/api.w.org\/{rel}","templated":true}]}}