{"id":58212,"date":"2025-07-14T08:41:29","date_gmt":"2025-07-14T08:41:29","guid":{"rendered":"https:\/\/www.vanin.be\/secondaire\/pactedexcellencesecondaire\/visees-transversales-copy\/"},"modified":"2025-09-26T13:12:46","modified_gmt":"2025-09-26T13:12:46","slug":"axesdupacte","status":"publish","type":"page","link":"https:\/\/www.vanin.be\/fr\/secondaire\/pactedexcellencesecondaire\/axesdupacte\/","title":{"rendered":"Les cinq axes de nos nouvelles collections"},"content":{"rendered":"","protected":false},"excerpt":{"rendered":"","protected":false},"author":30,"featured_media":0,"parent":47417,"menu_order":0,"comment_status":"closed","ping_status":"closed","template":"","meta":{"_acf_changed":false,"footnotes":""},"acf":[],"yoast_head":"<!-- This site is optimized with the Yoast SEO Premium plugin v22.8 (Yoast SEO v22.8) - https:\/\/yoast.com\/wordpress\/plugins\/seo\/ -->\n<title>Les cinq axes de nos nouvelles collections - VAN IN<\/title>\n<meta name=\"description\" content=\"Nos nouvelles collections ont \u00e9t\u00e9 con\u00e7ues pour accompagner concr\u00e8tement les enseignants et les \u00e9l\u00e8ves dans le cadre du Pacte pour un Enseignement d\u2019excellence. Ancr\u00e9es dans la r\u00e9alit\u00e9 des classes, elles reposent sur cinq axes structurants, pens\u00e9s pour outiller les enseignants au quotidien et soutenir la r\u00e9ussite de tous les \u00e9l\u00e8ves.\" \/>\n<meta name=\"robots\" content=\"index, follow, max-snippet:-1, max-image-preview:large, max-video-preview:-1\" \/>\n<link rel=\"canonical\" href=\"https:\/\/www.vanin.be\/fr\/secondaire\/pactedexcellencesecondaire\/axesdupacte\/\" \/>\n<meta property=\"og:locale\" content=\"fr_FR\" \/>\n<meta property=\"og:type\" content=\"article\" \/>\n<meta property=\"og:title\" content=\"Les cinq axes de nos nouvelles collections\" \/>\n<meta property=\"og:description\" content=\"Nos nouvelles collections ont \u00e9t\u00e9 con\u00e7ues pour accompagner concr\u00e8tement les enseignants et les \u00e9l\u00e8ves dans le cadre du Pacte pour un Enseignement d\u2019excellence. Ancr\u00e9es dans la r\u00e9alit\u00e9 des classes, elles reposent sur cinq axes structurants, pens\u00e9s pour outiller les enseignants au quotidien et soutenir la r\u00e9ussite de tous les \u00e9l\u00e8ves.\" \/>\n<meta property=\"og:url\" content=\"https:\/\/www.vanin.be\/fr\/secondaire\/pactedexcellencesecondaire\/axesdupacte\/\" \/>\n<meta property=\"og:site_name\" content=\"VAN IN\" \/>\n<meta property=\"article:publisher\" content=\"https:\/\/www.facebook.com\/uitgeverijvanin\" \/>\n<meta property=\"article:modified_time\" content=\"2025-09-26T13:12:46+00:00\" \/>\n<meta name=\"twitter:card\" content=\"summary_large_image\" \/>\n<meta name=\"twitter:site\" content=\"@UitgeverijVanIn\" \/>\n<script type=\"application\/ld+json\" class=\"yoast-schema-graph\">{\"@context\":\"https:\/\/schema.org\",\"@graph\":[{\"@type\":\"WebPage\",\"@id\":\"https:\/\/www.vanin.be\/fr\/secondaire\/pactedexcellencesecondaire\/axesdupacte\/\",\"url\":\"https:\/\/www.vanin.be\/fr\/secondaire\/pactedexcellencesecondaire\/axesdupacte\/\",\"name\":\"Les cinq axes de nos nouvelles collections - VAN IN\",\"isPartOf\":{\"@id\":\"https:\/\/www.vanin.be\/fr\/#website\"},\"datePublished\":\"2025-07-14T08:41:29+00:00\",\"dateModified\":\"2025-09-26T13:12:46+00:00\",\"description\":\"Nos nouvelles collections ont \u00e9t\u00e9 con\u00e7ues pour accompagner concr\u00e8tement les enseignants et les \u00e9l\u00e8ves dans le cadre du Pacte pour un Enseignement d\u2019excellence. Ancr\u00e9es dans la r\u00e9alit\u00e9 des classes, elles reposent sur cinq axes structurants, pens\u00e9s pour outiller les enseignants au quotidien et soutenir la r\u00e9ussite de tous les \u00e9l\u00e8ves.\",\"breadcrumb\":{\"@id\":\"https:\/\/www.vanin.be\/fr\/secondaire\/pactedexcellencesecondaire\/axesdupacte\/#breadcrumb\"},\"inLanguage\":\"fr-FR\",\"potentialAction\":[{\"@type\":\"ReadAction\",\"target\":[\"https:\/\/www.vanin.be\/fr\/secondaire\/pactedexcellencesecondaire\/axesdupacte\/\"]}]},{\"@type\":\"BreadcrumbList\",\"@id\":\"https:\/\/www.vanin.be\/fr\/secondaire\/pactedexcellencesecondaire\/axesdupacte\/#breadcrumb\",\"itemListElement\":[{\"@type\":\"ListItem\",\"position\":1,\"name\":\"Home\",\"item\":\"https:\/\/van-in-website-production-241050714.eu-west-1.elb.amazonaws.com\/fr\/\"},{\"@type\":\"ListItem\",\"position\":2,\"name\":\"Enseignement secondaire\",\"item\":\"https:\/\/www.vanin.be\/fr\/secondaire\/\"},{\"@type\":\"ListItem\",\"position\":3,\"name\":\"Pacte d&#8217;excellence secondaire\",\"item\":\"https:\/\/www.vanin.be\/fr\/secondaire\/pactedexcellencesecondaire\/\"},{\"@type\":\"ListItem\",\"position\":4,\"name\":\"Les cinq axes de nos nouvelles collections\"}]},{\"@type\":\"WebSite\",\"@id\":\"https:\/\/www.vanin.be\/fr\/#website\",\"url\":\"https:\/\/www.vanin.be\/fr\/\",\"name\":\"VAN IN\",\"description\":\"VAN IN\",\"publisher\":{\"@id\":\"https:\/\/www.vanin.be\/fr\/#organization\"},\"potentialAction\":[{\"@type\":\"SearchAction\",\"target\":{\"@type\":\"EntryPoint\",\"urlTemplate\":\"https:\/\/www.vanin.be\/fr\/?s={search_term_string}\"},\"query-input\":\"required name=search_term_string\"}],\"inLanguage\":\"fr-FR\"},{\"@type\":\"Organization\",\"@id\":\"https:\/\/www.vanin.be\/fr\/#organization\",\"name\":\"Uitgeverij VAN IN\",\"alternateName\":\"VAN IN\",\"url\":\"https:\/\/www.vanin.be\/fr\/\",\"logo\":{\"@type\":\"ImageObject\",\"inLanguage\":\"fr-FR\",\"@id\":\"https:\/\/www.vanin.be\/fr\/#\/schema\/logo\/image\/\",\"url\":\"https:\/\/www.vanin.be\/wp-content\/uploads\/2025\/01\/VANIN_logo_corporate_FullColor_pos.png\",\"contentUrl\":\"https:\/\/www.vanin.be\/wp-content\/uploads\/2025\/01\/VANIN_logo_corporate_FullColor_pos.png\",\"width\":4246,\"height\":1168,\"caption\":\"Uitgeverij VAN IN\"},\"image\":{\"@id\":\"https:\/\/www.vanin.be\/fr\/#\/schema\/logo\/image\/\"},\"sameAs\":[\"https:\/\/www.facebook.com\/uitgeverijvanin\",\"https:\/\/x.com\/UitgeverijVanIn\",\"https:\/\/www.youtube.com\/uitgeverijvanin\",\"https:\/\/www.linkedin.com\/company\/uitgeverij-van-in\"]}]}<\/script>\n<!-- \/ Yoast SEO Premium plugin. -->","yoast_head_json":{"title":"Les cinq axes de nos nouvelles collections - VAN IN","description":"Nos nouvelles collections ont \u00e9t\u00e9 con\u00e7ues pour accompagner concr\u00e8tement les enseignants et les \u00e9l\u00e8ves dans le cadre du Pacte pour un Enseignement d\u2019excellence. Ancr\u00e9es dans la r\u00e9alit\u00e9 des classes, elles reposent sur cinq axes structurants, pens\u00e9s pour outiller les enseignants au quotidien et soutenir la r\u00e9ussite de tous les \u00e9l\u00e8ves.","robots":{"index":"index","follow":"follow","max-snippet":"max-snippet:-1","max-image-preview":"max-image-preview:large","max-video-preview":"max-video-preview:-1"},"canonical":"https:\/\/www.vanin.be\/fr\/secondaire\/pactedexcellencesecondaire\/axesdupacte\/","og_locale":"fr_FR","og_type":"article","og_title":"Les cinq axes de nos nouvelles collections","og_description":"Nos nouvelles collections ont \u00e9t\u00e9 con\u00e7ues pour accompagner concr\u00e8tement les enseignants et les \u00e9l\u00e8ves dans le cadre du Pacte pour un Enseignement d\u2019excellence. Ancr\u00e9es dans la r\u00e9alit\u00e9 des classes, elles reposent sur cinq axes structurants, pens\u00e9s pour outiller les enseignants au quotidien et soutenir la r\u00e9ussite de tous les \u00e9l\u00e8ves.","og_url":"https:\/\/www.vanin.be\/fr\/secondaire\/pactedexcellencesecondaire\/axesdupacte\/","og_site_name":"VAN IN","article_publisher":"https:\/\/www.facebook.com\/uitgeverijvanin","article_modified_time":"2025-09-26T13:12:46+00:00","twitter_card":"summary_large_image","twitter_site":"@UitgeverijVanIn","schema":{"@context":"https:\/\/schema.org","@graph":[{"@type":"WebPage","@id":"https:\/\/www.vanin.be\/fr\/secondaire\/pactedexcellencesecondaire\/axesdupacte\/","url":"https:\/\/www.vanin.be\/fr\/secondaire\/pactedexcellencesecondaire\/axesdupacte\/","name":"Les cinq axes de nos nouvelles collections - VAN IN","isPartOf":{"@id":"https:\/\/www.vanin.be\/fr\/#website"},"datePublished":"2025-07-14T08:41:29+00:00","dateModified":"2025-09-26T13:12:46+00:00","description":"Nos nouvelles collections ont \u00e9t\u00e9 con\u00e7ues pour accompagner concr\u00e8tement les enseignants et les \u00e9l\u00e8ves dans le cadre du Pacte pour un Enseignement d\u2019excellence. Ancr\u00e9es dans la r\u00e9alit\u00e9 des classes, elles reposent sur cinq axes structurants, pens\u00e9s pour outiller les enseignants au quotidien et soutenir la r\u00e9ussite de tous les \u00e9l\u00e8ves.","breadcrumb":{"@id":"https:\/\/www.vanin.be\/fr\/secondaire\/pactedexcellencesecondaire\/axesdupacte\/#breadcrumb"},"inLanguage":"fr-FR","potentialAction":[{"@type":"ReadAction","target":["https:\/\/www.vanin.be\/fr\/secondaire\/pactedexcellencesecondaire\/axesdupacte\/"]}]},{"@type":"BreadcrumbList","@id":"https:\/\/www.vanin.be\/fr\/secondaire\/pactedexcellencesecondaire\/axesdupacte\/#breadcrumb","itemListElement":[{"@type":"ListItem","position":1,"name":"Home","item":"https:\/\/van-in-website-production-241050714.eu-west-1.elb.amazonaws.com\/fr\/"},{"@type":"ListItem","position":2,"name":"Enseignement secondaire","item":"https:\/\/www.vanin.be\/fr\/secondaire\/"},{"@type":"ListItem","position":3,"name":"Pacte d&#8217;excellence secondaire","item":"https:\/\/www.vanin.be\/fr\/secondaire\/pactedexcellencesecondaire\/"},{"@type":"ListItem","position":4,"name":"Les cinq axes de nos nouvelles collections"}]},{"@type":"WebSite","@id":"https:\/\/www.vanin.be\/fr\/#website","url":"https:\/\/www.vanin.be\/fr\/","name":"VAN IN","description":"VAN IN","publisher":{"@id":"https:\/\/www.vanin.be\/fr\/#organization"},"potentialAction":[{"@type":"SearchAction","target":{"@type":"EntryPoint","urlTemplate":"https:\/\/www.vanin.be\/fr\/?s={search_term_string}"},"query-input":"required name=search_term_string"}],"inLanguage":"fr-FR"},{"@type":"Organization","@id":"https:\/\/www.vanin.be\/fr\/#organization","name":"Uitgeverij VAN IN","alternateName":"VAN IN","url":"https:\/\/www.vanin.be\/fr\/","logo":{"@type":"ImageObject","inLanguage":"fr-FR","@id":"https:\/\/www.vanin.be\/fr\/#\/schema\/logo\/image\/","url":"https:\/\/www.vanin.be\/wp-content\/uploads\/2025\/01\/VANIN_logo_corporate_FullColor_pos.png","contentUrl":"https:\/\/www.vanin.be\/wp-content\/uploads\/2025\/01\/VANIN_logo_corporate_FullColor_pos.png","width":4246,"height":1168,"caption":"Uitgeverij VAN IN"},"image":{"@id":"https:\/\/www.vanin.be\/fr\/#\/schema\/logo\/image\/"},"sameAs":["https:\/\/www.facebook.com\/uitgeverijvanin","https:\/\/x.com\/UitgeverijVanIn","https:\/\/www.youtube.com\/uitgeverijvanin","https:\/\/www.linkedin.com\/company\/uitgeverij-van-in"]}]}},"_links":{"self":[{"href":"https:\/\/www.vanin.be\/fr\/wp-json\/wp\/v2\/pages\/58212"}],"collection":[{"href":"https:\/\/www.vanin.be\/fr\/wp-json\/wp\/v2\/pages"}],"about":[{"href":"https:\/\/www.vanin.be\/fr\/wp-json\/wp\/v2\/types\/page"}],"author":[{"embeddable":true,"href":"https:\/\/www.vanin.be\/fr\/wp-json\/wp\/v2\/users\/30"}],"replies":[{"embeddable":true,"href":"https:\/\/www.vanin.be\/fr\/wp-json\/wp\/v2\/comments?post=58212"}],"version-history":[{"count":50,"href":"https:\/\/www.vanin.be\/fr\/wp-json\/wp\/v2\/pages\/58212\/revisions"}],"predecessor-version":[{"id":60627,"href":"https:\/\/www.vanin.be\/fr\/wp-json\/wp\/v2\/pages\/58212\/revisions\/60627"}],"up":[{"embeddable":true,"href":"https:\/\/www.vanin.be\/fr\/wp-json\/wp\/v2\/pages\/47417"}],"wp:attachment":[{"href":"https:\/\/www.vanin.be\/fr\/wp-json\/wp\/v2\/media?parent=58212"}],"curies":[{"name":"wp","href":"https:\/\/api.w.org\/{rel}","templated":true}]}}