{"id":59050,"date":"2025-07-28T12:22:52","date_gmt":"2025-07-28T12:22:52","guid":{"rendered":"https:\/\/www.vanin.be\/secondaire\/outils-numeriques\/sesame-copy\/"},"modified":"2026-04-30T07:37:03","modified_gmt":"2026-04-30T07:37:03","slug":"capture","status":"publish","type":"page","link":"https:\/\/www.vanin.be\/fr\/secondaire\/outils-numeriques\/capture\/","title":{"rendered":"Capture"},"content":{"rendered":"","protected":false},"excerpt":{"rendered":"","protected":false},"author":30,"featured_media":59119,"parent":20867,"menu_order":0,"comment_status":"closed","ping_status":"closed","template":"","meta":{"_acf_changed":false,"footnotes":""},"acf":[],"yoast_head":"<!-- This site is optimized with the Yoast SEO Premium plugin v22.8 (Yoast SEO v22.8) - https:\/\/yoast.com\/wordpress\/plugins\/seo\/ -->\n<title>Capture - VAN IN<\/title>\n<meta name=\"description\" content=\"Gr\u00e2ce \u00e0 l&#039;application Capture, vous acc\u00e9dez aux contenus multim\u00e9dia de vos m\u00e9thodes VAN IN - DE BOECK en scannant simplement une page du livre. Pendant 90 minutes, tout devient accessible du bout des doigts : vid\u00e9os, audios, documents p\u00e9dagogiques, exercices en ligne.\" \/>\n<meta name=\"robots\" content=\"index, follow, max-snippet:-1, max-image-preview:large, max-video-preview:-1\" \/>\n<link rel=\"canonical\" href=\"https:\/\/www.vanin.be\/fr\/secondaire\/outils-numeriques\/capture\/\" \/>\n<meta property=\"og:locale\" content=\"fr_FR\" \/>\n<meta property=\"og:type\" content=\"article\" \/>\n<meta property=\"og:title\" content=\"Capture\" \/>\n<meta property=\"og:description\" content=\"Gr\u00e2ce \u00e0 l&#039;application Capture, vous acc\u00e9dez aux contenus multim\u00e9dia de vos m\u00e9thodes VAN IN - DE BOECK en scannant simplement une page du livre. Pendant 90 minutes, tout devient accessible du bout des doigts : vid\u00e9os, audios, documents p\u00e9dagogiques, exercices en ligne.\" \/>\n<meta property=\"og:url\" content=\"https:\/\/www.vanin.be\/fr\/secondaire\/outils-numeriques\/capture\/\" \/>\n<meta property=\"og:site_name\" content=\"VAN IN\" \/>\n<meta property=\"article:publisher\" content=\"https:\/\/www.facebook.com\/uitgeverijvanin\" \/>\n<meta property=\"article:modified_time\" content=\"2026-04-30T07:37:03+00:00\" \/>\n<meta property=\"og:image\" content=\"https:\/\/www.vanin.be\/wp-content\/uploads\/2025\/07\/Vignette-Capture-1.png\" \/>\n\t<meta property=\"og:image:width\" content=\"492\" \/>\n\t<meta property=\"og:image:height\" content=\"392\" \/>\n\t<meta property=\"og:image:type\" content=\"image\/png\" \/>\n<meta name=\"twitter:card\" content=\"summary_large_image\" \/>\n<meta name=\"twitter:site\" content=\"@UitgeverijVanIn\" \/>\n<script type=\"application\/ld+json\" class=\"yoast-schema-graph\">{\"@context\":\"https:\/\/schema.org\",\"@graph\":[{\"@type\":\"WebPage\",\"@id\":\"https:\/\/www.vanin.be\/fr\/secondaire\/outils-numeriques\/capture\/\",\"url\":\"https:\/\/www.vanin.be\/fr\/secondaire\/outils-numeriques\/capture\/\",\"name\":\"Capture - VAN IN\",\"isPartOf\":{\"@id\":\"https:\/\/www.vanin.be\/fr\/#website\"},\"primaryImageOfPage\":{\"@id\":\"https:\/\/www.vanin.be\/fr\/secondaire\/outils-numeriques\/capture\/#primaryimage\"},\"image\":{\"@id\":\"https:\/\/www.vanin.be\/fr\/secondaire\/outils-numeriques\/capture\/#primaryimage\"},\"thumbnailUrl\":\"https:\/\/www.vanin.be\/wp-content\/uploads\/2025\/07\/Vignette-Capture-1.png\",\"datePublished\":\"2025-07-28T12:22:52+00:00\",\"dateModified\":\"2026-04-30T07:37:03+00:00\",\"description\":\"Gr\u00e2ce \u00e0 l'application Capture, vous acc\u00e9dez aux contenus multim\u00e9dia de vos m\u00e9thodes VAN IN - DE BOECK en scannant simplement une page du livre. Pendant 90 minutes, tout devient accessible du bout des doigts : vid\u00e9os, audios, documents p\u00e9dagogiques, exercices en ligne.\",\"breadcrumb\":{\"@id\":\"https:\/\/www.vanin.be\/fr\/secondaire\/outils-numeriques\/capture\/#breadcrumb\"},\"inLanguage\":\"fr-FR\",\"potentialAction\":[{\"@type\":\"ReadAction\",\"target\":[\"https:\/\/www.vanin.be\/fr\/secondaire\/outils-numeriques\/capture\/\"]}]},{\"@type\":\"ImageObject\",\"inLanguage\":\"fr-FR\",\"@id\":\"https:\/\/www.vanin.be\/fr\/secondaire\/outils-numeriques\/capture\/#primaryimage\",\"url\":\"https:\/\/www.vanin.be\/wp-content\/uploads\/2025\/07\/Vignette-Capture-1.png\",\"contentUrl\":\"https:\/\/www.vanin.be\/wp-content\/uploads\/2025\/07\/Vignette-Capture-1.png\",\"width\":492,\"height\":392},{\"@type\":\"BreadcrumbList\",\"@id\":\"https:\/\/www.vanin.be\/fr\/secondaire\/outils-numeriques\/capture\/#breadcrumb\",\"itemListElement\":[{\"@type\":\"ListItem\",\"position\":1,\"name\":\"Home\",\"item\":\"https:\/\/www.vanin.be\/fr\/\"},{\"@type\":\"ListItem\",\"position\":2,\"name\":\"Enseignement secondaire\",\"item\":\"https:\/\/www.vanin.be\/fr\/secondaire\/\"},{\"@type\":\"ListItem\",\"position\":3,\"name\":\"Outils num\u00e9riques\",\"item\":\"https:\/\/www.vanin.be\/fr\/secondaire\/outils-numeriques\/\"},{\"@type\":\"ListItem\",\"position\":4,\"name\":\"Capture\"}]},{\"@type\":\"WebSite\",\"@id\":\"https:\/\/www.vanin.be\/fr\/#website\",\"url\":\"https:\/\/www.vanin.be\/fr\/\",\"name\":\"VAN IN\",\"description\":\"VAN IN\",\"publisher\":{\"@id\":\"https:\/\/www.vanin.be\/fr\/#organization\"},\"potentialAction\":[{\"@type\":\"SearchAction\",\"target\":{\"@type\":\"EntryPoint\",\"urlTemplate\":\"https:\/\/www.vanin.be\/fr\/?s={search_term_string}\"},\"query-input\":\"required name=search_term_string\"}],\"inLanguage\":\"fr-FR\"},{\"@type\":\"Organization\",\"@id\":\"https:\/\/www.vanin.be\/fr\/#organization\",\"name\":\"Uitgeverij VAN IN\",\"alternateName\":\"VAN IN\",\"url\":\"https:\/\/www.vanin.be\/fr\/\",\"logo\":{\"@type\":\"ImageObject\",\"inLanguage\":\"fr-FR\",\"@id\":\"https:\/\/www.vanin.be\/fr\/#\/schema\/logo\/image\/\",\"url\":\"https:\/\/www.vanin.be\/wp-content\/uploads\/2025\/01\/VANIN_logo_corporate_FullColor_pos.png\",\"contentUrl\":\"https:\/\/www.vanin.be\/wp-content\/uploads\/2025\/01\/VANIN_logo_corporate_FullColor_pos.png\",\"width\":4246,\"height\":1168,\"caption\":\"Uitgeverij VAN IN\"},\"image\":{\"@id\":\"https:\/\/www.vanin.be\/fr\/#\/schema\/logo\/image\/\"},\"sameAs\":[\"https:\/\/www.facebook.com\/uitgeverijvanin\",\"https:\/\/x.com\/UitgeverijVanIn\",\"https:\/\/www.youtube.com\/uitgeverijvanin\",\"https:\/\/www.linkedin.com\/company\/uitgeverij-van-in\"]}]}<\/script>\n<!-- \/ Yoast SEO Premium plugin. -->","yoast_head_json":{"title":"Capture - VAN IN","description":"Gr\u00e2ce \u00e0 l'application Capture, vous acc\u00e9dez aux contenus multim\u00e9dia de vos m\u00e9thodes VAN IN - DE BOECK en scannant simplement une page du livre. Pendant 90 minutes, tout devient accessible du bout des doigts : vid\u00e9os, audios, documents p\u00e9dagogiques, exercices en ligne.","robots":{"index":"index","follow":"follow","max-snippet":"max-snippet:-1","max-image-preview":"max-image-preview:large","max-video-preview":"max-video-preview:-1"},"canonical":"https:\/\/www.vanin.be\/fr\/secondaire\/outils-numeriques\/capture\/","og_locale":"fr_FR","og_type":"article","og_title":"Capture","og_description":"Gr\u00e2ce \u00e0 l'application Capture, vous acc\u00e9dez aux contenus multim\u00e9dia de vos m\u00e9thodes VAN IN - DE BOECK en scannant simplement une page du livre. Pendant 90 minutes, tout devient accessible du bout des doigts : vid\u00e9os, audios, documents p\u00e9dagogiques, exercices en ligne.","og_url":"https:\/\/www.vanin.be\/fr\/secondaire\/outils-numeriques\/capture\/","og_site_name":"VAN IN","article_publisher":"https:\/\/www.facebook.com\/uitgeverijvanin","article_modified_time":"2026-04-30T07:37:03+00:00","og_image":[{"width":492,"height":392,"url":"https:\/\/www.vanin.be\/wp-content\/uploads\/2025\/07\/Vignette-Capture-1.png","type":"image\/png"}],"twitter_card":"summary_large_image","twitter_site":"@UitgeverijVanIn","schema":{"@context":"https:\/\/schema.org","@graph":[{"@type":"WebPage","@id":"https:\/\/www.vanin.be\/fr\/secondaire\/outils-numeriques\/capture\/","url":"https:\/\/www.vanin.be\/fr\/secondaire\/outils-numeriques\/capture\/","name":"Capture - VAN IN","isPartOf":{"@id":"https:\/\/www.vanin.be\/fr\/#website"},"primaryImageOfPage":{"@id":"https:\/\/www.vanin.be\/fr\/secondaire\/outils-numeriques\/capture\/#primaryimage"},"image":{"@id":"https:\/\/www.vanin.be\/fr\/secondaire\/outils-numeriques\/capture\/#primaryimage"},"thumbnailUrl":"https:\/\/www.vanin.be\/wp-content\/uploads\/2025\/07\/Vignette-Capture-1.png","datePublished":"2025-07-28T12:22:52+00:00","dateModified":"2026-04-30T07:37:03+00:00","description":"Gr\u00e2ce \u00e0 l'application Capture, vous acc\u00e9dez aux contenus multim\u00e9dia de vos m\u00e9thodes VAN IN - DE BOECK en scannant simplement une page du livre. Pendant 90 minutes, tout devient accessible du bout des doigts : vid\u00e9os, audios, documents p\u00e9dagogiques, exercices en ligne.","breadcrumb":{"@id":"https:\/\/www.vanin.be\/fr\/secondaire\/outils-numeriques\/capture\/#breadcrumb"},"inLanguage":"fr-FR","potentialAction":[{"@type":"ReadAction","target":["https:\/\/www.vanin.be\/fr\/secondaire\/outils-numeriques\/capture\/"]}]},{"@type":"ImageObject","inLanguage":"fr-FR","@id":"https:\/\/www.vanin.be\/fr\/secondaire\/outils-numeriques\/capture\/#primaryimage","url":"https:\/\/www.vanin.be\/wp-content\/uploads\/2025\/07\/Vignette-Capture-1.png","contentUrl":"https:\/\/www.vanin.be\/wp-content\/uploads\/2025\/07\/Vignette-Capture-1.png","width":492,"height":392},{"@type":"BreadcrumbList","@id":"https:\/\/www.vanin.be\/fr\/secondaire\/outils-numeriques\/capture\/#breadcrumb","itemListElement":[{"@type":"ListItem","position":1,"name":"Home","item":"https:\/\/www.vanin.be\/fr\/"},{"@type":"ListItem","position":2,"name":"Enseignement secondaire","item":"https:\/\/www.vanin.be\/fr\/secondaire\/"},{"@type":"ListItem","position":3,"name":"Outils num\u00e9riques","item":"https:\/\/www.vanin.be\/fr\/secondaire\/outils-numeriques\/"},{"@type":"ListItem","position":4,"name":"Capture"}]},{"@type":"WebSite","@id":"https:\/\/www.vanin.be\/fr\/#website","url":"https:\/\/www.vanin.be\/fr\/","name":"VAN IN","description":"VAN IN","publisher":{"@id":"https:\/\/www.vanin.be\/fr\/#organization"},"potentialAction":[{"@type":"SearchAction","target":{"@type":"EntryPoint","urlTemplate":"https:\/\/www.vanin.be\/fr\/?s={search_term_string}"},"query-input":"required name=search_term_string"}],"inLanguage":"fr-FR"},{"@type":"Organization","@id":"https:\/\/www.vanin.be\/fr\/#organization","name":"Uitgeverij VAN IN","alternateName":"VAN IN","url":"https:\/\/www.vanin.be\/fr\/","logo":{"@type":"ImageObject","inLanguage":"fr-FR","@id":"https:\/\/www.vanin.be\/fr\/#\/schema\/logo\/image\/","url":"https:\/\/www.vanin.be\/wp-content\/uploads\/2025\/01\/VANIN_logo_corporate_FullColor_pos.png","contentUrl":"https:\/\/www.vanin.be\/wp-content\/uploads\/2025\/01\/VANIN_logo_corporate_FullColor_pos.png","width":4246,"height":1168,"caption":"Uitgeverij VAN IN"},"image":{"@id":"https:\/\/www.vanin.be\/fr\/#\/schema\/logo\/image\/"},"sameAs":["https:\/\/www.facebook.com\/uitgeverijvanin","https:\/\/x.com\/UitgeverijVanIn","https:\/\/www.youtube.com\/uitgeverijvanin","https:\/\/www.linkedin.com\/company\/uitgeverij-van-in"]}]}},"_links":{"self":[{"href":"https:\/\/www.vanin.be\/fr\/wp-json\/wp\/v2\/pages\/59050"}],"collection":[{"href":"https:\/\/www.vanin.be\/fr\/wp-json\/wp\/v2\/pages"}],"about":[{"href":"https:\/\/www.vanin.be\/fr\/wp-json\/wp\/v2\/types\/page"}],"author":[{"embeddable":true,"href":"https:\/\/www.vanin.be\/fr\/wp-json\/wp\/v2\/users\/30"}],"replies":[{"embeddable":true,"href":"https:\/\/www.vanin.be\/fr\/wp-json\/wp\/v2\/comments?post=59050"}],"version-history":[{"count":25,"href":"https:\/\/www.vanin.be\/fr\/wp-json\/wp\/v2\/pages\/59050\/revisions"}],"predecessor-version":[{"id":68038,"href":"https:\/\/www.vanin.be\/fr\/wp-json\/wp\/v2\/pages\/59050\/revisions\/68038"}],"up":[{"embeddable":true,"href":"https:\/\/www.vanin.be\/fr\/wp-json\/wp\/v2\/pages\/20867"}],"wp:featuredmedia":[{"embeddable":true,"href":"https:\/\/www.vanin.be\/fr\/wp-json\/wp\/v2\/media\/59119"}],"wp:attachment":[{"href":"https:\/\/www.vanin.be\/fr\/wp-json\/wp\/v2\/media?parent=59050"}],"curies":[{"name":"wp","href":"https:\/\/api.w.org\/{rel}","templated":true}]}}